{"id":1041,"date":"2022-05-10T16:27:50","date_gmt":"2022-05-10T14:27:50","guid":{"rendered":"https:\/\/rubishome.com\/?post_type=product&#038;p=1041"},"modified":"2024-04-25T14:36:41","modified_gmt":"2024-04-25T12:36:41","slug":"service-a-cafe-double-12-pieces-noir","status":"publish","type":"product","link":"https:\/\/rubishome.com\/?product=service-a-cafe-double-12-pieces-noir","title":{"rendered":"Service \u00e0 caf\u00e9 double 12 pi\u00e8ces Noir"},"content":{"rendered":"<p>6 Tasses<\/p>\n<p>6 Sous tasses<\/p>\n","protected":false},"excerpt":{"rendered":"<p>6 Tasses 6 Sous tasses<\/p>\n","protected":false},"featured_media":1042,"comment_status":"open","ping_status":"closed","template":"","meta":[],"_links":{"self":[{"href":"https:\/\/rubishome.com\/index.php?rest_route=\/wp\/v2\/product\/1041"}],"collection":[{"href":"https:\/\/rubishome.com\/index.php?rest_route=\/wp\/v2\/product"}],"about":[{"href":"https:\/\/rubishome.com\/index.php?rest_route=\/wp\/v2\/types\/product"}],"replies":[{"embeddable":true,"href":"https:\/\/rubishome.com\/index.php?rest_route=%2Fwp%2Fv2%2Fcomments&post=1041"}],"wp:featuredmedia":[{"embeddable":true,"href":"https:\/\/rubishome.com\/index.php?rest_route=\/wp\/v2\/media\/1042"}],"wp:attachment":[{"href":"https:\/\/rubishome.com\/index.php?rest_route=%2Fwp%2Fv2%2Fmedia&parent=1041"}],"curies":[{"name":"wp","href":"https:\/\/api.w.org\/{rel}","templated":true}]}}