{"id":1290,"date":"2022-12-29T14:24:32","date_gmt":"2022-12-29T13:24:32","guid":{"rendered":"https:\/\/rubishome.com\/?post_type=product&#038;p=1290"},"modified":"2023-11-08T15:21:32","modified_gmt":"2023-11-08T14:21:32","slug":"plateau-en-inox-18-10-hatir-gold","status":"publish","type":"product","link":"https:\/\/rubishome.com\/?product=plateau-en-inox-18-10-hatir-gold","title":{"rendered":"Plateau en  inox 18\/10 hatir gold"},"content":{"rendered":"<table>\n<tbody>\n<tr>\n<td class=\"no-border\">\n<div id=\"productDescriptionContent\">\n<ul>\n<li>Plateau \u00e0 Caf\u00e9 Dor\u00e9 Inox 18\/10 25 cm X 38 cm<\/li>\n<\/ul>\n<\/div>\n<\/td>\n<\/tr>\n<\/tbody>\n<\/table>\n<div id=\"ctl00_ContentPlaceHolder1_ProductControl1_MainControl1_TabControl1_ProductDescription1_CustomContentBottom\"><\/div>\n","protected":false},"excerpt":{"rendered":"<p>Plateau \u00e0 Caf\u00e9 Dor\u00e9 Inox 18\/10 25 cm X 38 cm<\/p>\n","protected":false},"featured_media":1291,"comment_status":"open","ping_status":"closed","template":"","meta":[],"_links":{"self":[{"href":"https:\/\/rubishome.com\/index.php?rest_route=\/wp\/v2\/product\/1290"}],"collection":[{"href":"https:\/\/rubishome.com\/index.php?rest_route=\/wp\/v2\/product"}],"about":[{"href":"https:\/\/rubishome.com\/index.php?rest_route=\/wp\/v2\/types\/product"}],"replies":[{"embeddable":true,"href":"https:\/\/rubishome.com\/index.php?rest_route=%2Fwp%2Fv2%2Fcomments&post=1290"}],"wp:featuredmedia":[{"embeddable":true,"href":"https:\/\/rubishome.com\/index.php?rest_route=\/wp\/v2\/media\/1291"}],"wp:attachment":[{"href":"https:\/\/rubishome.com\/index.php?rest_route=%2Fwp%2Fv2%2Fmedia&parent=1290"}],"curies":[{"name":"wp","href":"https:\/\/api.w.org\/{rel}","templated":true}]}}