{"id":1299,"date":"2022-12-29T14:35:33","date_gmt":"2022-12-29T13:35:33","guid":{"rendered":"https:\/\/rubishome.com\/?post_type=product&#038;p=1299"},"modified":"2023-10-07T20:27:36","modified_gmt":"2023-10-07T18:27:36","slug":"presentoir-a-gateau-en-porcelaine","status":"publish","type":"product","link":"https:\/\/rubishome.com\/?product=presentoir-a-gateau-en-porcelaine","title":{"rendered":"pr\u00e9sentoir \u00e0 g\u00e2teau en porcelaine"},"content":{"rendered":"","protected":false},"excerpt":{"rendered":"","protected":false},"featured_media":1300,"comment_status":"open","ping_status":"closed","template":"","meta":[],"_links":{"self":[{"href":"https:\/\/rubishome.com\/index.php?rest_route=\/wp\/v2\/product\/1299"}],"collection":[{"href":"https:\/\/rubishome.com\/index.php?rest_route=\/wp\/v2\/product"}],"about":[{"href":"https:\/\/rubishome.com\/index.php?rest_route=\/wp\/v2\/types\/product"}],"replies":[{"embeddable":true,"href":"https:\/\/rubishome.com\/index.php?rest_route=%2Fwp%2Fv2%2Fcomments&post=1299"}],"wp:featuredmedia":[{"embeddable":true,"href":"https:\/\/rubishome.com\/index.php?rest_route=\/wp\/v2\/media\/1300"}],"wp:attachment":[{"href":"https:\/\/rubishome.com\/index.php?rest_route=%2Fwp%2Fv2%2Fmedia&parent=1299"}],"curies":[{"name":"wp","href":"https:\/\/api.w.org\/{rel}","templated":true}]}}