{"id":1703,"date":"2023-06-25T15:03:48","date_gmt":"2023-06-25T13:03:48","guid":{"rendered":"https:\/\/rubishome.com\/?post_type=product&#038;p=1703"},"modified":"2025-05-21T19:11:35","modified_gmt":"2025-05-21T17:11:35","slug":"ensemble-de-6-assiettes-a-gateau-noir-dore","status":"publish","type":"product","link":"https:\/\/rubishome.com\/?product=ensemble-de-6-assiettes-a-gateau-noir-dore","title":{"rendered":"Ensemble de 6 assiettes \u00e0 g\u00e2teau noir &#038; dor\u00e9"},"content":{"rendered":"","protected":false},"excerpt":{"rendered":"","protected":false},"featured_media":1704,"comment_status":"open","ping_status":"closed","template":"","meta":[],"_links":{"self":[{"href":"https:\/\/rubishome.com\/index.php?rest_route=\/wp\/v2\/product\/1703"}],"collection":[{"href":"https:\/\/rubishome.com\/index.php?rest_route=\/wp\/v2\/product"}],"about":[{"href":"https:\/\/rubishome.com\/index.php?rest_route=\/wp\/v2\/types\/product"}],"replies":[{"embeddable":true,"href":"https:\/\/rubishome.com\/index.php?rest_route=%2Fwp%2Fv2%2Fcomments&post=1703"}],"wp:featuredmedia":[{"embeddable":true,"href":"https:\/\/rubishome.com\/index.php?rest_route=\/wp\/v2\/media\/1704"}],"wp:attachment":[{"href":"https:\/\/rubishome.com\/index.php?rest_route=%2Fwp%2Fv2%2Fmedia&parent=1703"}],"curies":[{"name":"wp","href":"https:\/\/api.w.org\/{rel}","templated":true}]}}