{"id":1778,"date":"2023-07-29T20:40:22","date_gmt":"2023-07-29T18:40:22","guid":{"rendered":"https:\/\/rubishome.com\/?post_type=product&#038;p=1778"},"modified":"2023-07-29T20:41:04","modified_gmt":"2023-07-29T18:41:04","slug":"service-a-cafe-6-pieces-en-porcelaine-arbre","status":"publish","type":"product","link":"https:\/\/rubishome.com\/?product=service-a-cafe-6-pieces-en-porcelaine-arbre","title":{"rendered":"SERVICE \u00c0 CAF\u00c9 6 PI\u00c8CES EN PORCELAINE ARBRE"},"content":{"rendered":"<p>6 MUGS<\/p>\n","protected":false},"excerpt":{"rendered":"<p>6 MUGS<\/p>\n","protected":false},"featured_media":1779,"comment_status":"open","ping_status":"closed","template":"","meta":[],"_links":{"self":[{"href":"https:\/\/rubishome.com\/index.php?rest_route=\/wp\/v2\/product\/1778"}],"collection":[{"href":"https:\/\/rubishome.com\/index.php?rest_route=\/wp\/v2\/product"}],"about":[{"href":"https:\/\/rubishome.com\/index.php?rest_route=\/wp\/v2\/types\/product"}],"replies":[{"embeddable":true,"href":"https:\/\/rubishome.com\/index.php?rest_route=%2Fwp%2Fv2%2Fcomments&post=1778"}],"wp:featuredmedia":[{"embeddable":true,"href":"https:\/\/rubishome.com\/index.php?rest_route=\/wp\/v2\/media\/1779"}],"wp:attachment":[{"href":"https:\/\/rubishome.com\/index.php?rest_route=%2Fwp%2Fv2%2Fmedia&parent=1778"}],"curies":[{"name":"wp","href":"https:\/\/api.w.org\/{rel}","templated":true}]}}