{"id":1780,"date":"2023-07-29T20:42:14","date_gmt":"2023-07-29T18:42:14","guid":{"rendered":"https:\/\/rubishome.com\/?post_type=product&#038;p=1780"},"modified":"2023-07-29T20:42:15","modified_gmt":"2023-07-29T18:42:15","slug":"service-a-cafe-12-pieces-arbre","status":"publish","type":"product","link":"https:\/\/rubishome.com\/?product=service-a-cafe-12-pieces-arbre","title":{"rendered":"SERVICE \u00c0 CAF\u00c9 12 PI\u00c8CES ARBRE"},"content":{"rendered":"","protected":false},"excerpt":{"rendered":"","protected":false},"featured_media":1781,"comment_status":"open","ping_status":"closed","template":"","meta":[],"_links":{"self":[{"href":"https:\/\/rubishome.com\/index.php?rest_route=\/wp\/v2\/product\/1780"}],"collection":[{"href":"https:\/\/rubishome.com\/index.php?rest_route=\/wp\/v2\/product"}],"about":[{"href":"https:\/\/rubishome.com\/index.php?rest_route=\/wp\/v2\/types\/product"}],"replies":[{"embeddable":true,"href":"https:\/\/rubishome.com\/index.php?rest_route=%2Fwp%2Fv2%2Fcomments&post=1780"}],"wp:featuredmedia":[{"embeddable":true,"href":"https:\/\/rubishome.com\/index.php?rest_route=\/wp\/v2\/media\/1781"}],"wp:attachment":[{"href":"https:\/\/rubishome.com\/index.php?rest_route=%2Fwp%2Fv2%2Fmedia&parent=1780"}],"curies":[{"name":"wp","href":"https:\/\/api.w.org\/{rel}","templated":true}]}}