{"id":1839,"date":"2023-08-31T21:27:52","date_gmt":"2023-08-31T19:27:52","guid":{"rendered":"https:\/\/rubishome.com\/?post_type=product&#038;p=1839"},"modified":"2026-01-14T14:10:43","modified_gmt":"2026-01-14T13:10:43","slug":"service-cafe-au-lait-12-pieces","status":"publish","type":"product","link":"https:\/\/rubishome.com\/?product=service-cafe-au-lait-12-pieces","title":{"rendered":"service caf\u00e9 au lait 10 pi\u00e8ces"},"content":{"rendered":"<p>10 pi\u00e8ces :<\/p>\n<p>5 Tasses<\/p>\n<p>5 Sous tasses<\/p>\n","protected":false},"excerpt":{"rendered":"<p>10 pi\u00e8ces : 5 Tasses 5 Sous tasses<\/p>\n","protected":false},"featured_media":2457,"comment_status":"open","ping_status":"closed","template":"","meta":[],"_links":{"self":[{"href":"https:\/\/rubishome.com\/index.php?rest_route=\/wp\/v2\/product\/1839"}],"collection":[{"href":"https:\/\/rubishome.com\/index.php?rest_route=\/wp\/v2\/product"}],"about":[{"href":"https:\/\/rubishome.com\/index.php?rest_route=\/wp\/v2\/types\/product"}],"replies":[{"embeddable":true,"href":"https:\/\/rubishome.com\/index.php?rest_route=%2Fwp%2Fv2%2Fcomments&post=1839"}],"wp:featuredmedia":[{"embeddable":true,"href":"https:\/\/rubishome.com\/index.php?rest_route=\/wp\/v2\/media\/2457"}],"wp:attachment":[{"href":"https:\/\/rubishome.com\/index.php?rest_route=%2Fwp%2Fv2%2Fmedia&parent=1839"}],"curies":[{"name":"wp","href":"https:\/\/api.w.org\/{rel}","templated":true}]}}