{"id":1849,"date":"2023-09-01T16:00:35","date_gmt":"2023-09-01T14:00:35","guid":{"rendered":"https:\/\/rubishome.com\/?post_type=product&#038;p=1849"},"modified":"2025-08-19T18:18:30","modified_gmt":"2025-08-19T16:18:30","slug":"service-a-cafe-gural-12-pieces","status":"publish","type":"product","link":"https:\/\/rubishome.com\/?product=service-a-cafe-gural-12-pieces","title":{"rendered":"SERVICE \u00c0 CAF\u00c9 GURAL 12 pi\u00e8ces"},"content":{"rendered":"","protected":false},"excerpt":{"rendered":"","protected":false},"featured_media":1850,"comment_status":"open","ping_status":"closed","template":"","meta":[],"_links":{"self":[{"href":"https:\/\/rubishome.com\/index.php?rest_route=\/wp\/v2\/product\/1849"}],"collection":[{"href":"https:\/\/rubishome.com\/index.php?rest_route=\/wp\/v2\/product"}],"about":[{"href":"https:\/\/rubishome.com\/index.php?rest_route=\/wp\/v2\/types\/product"}],"replies":[{"embeddable":true,"href":"https:\/\/rubishome.com\/index.php?rest_route=%2Fwp%2Fv2%2Fcomments&post=1849"}],"wp:featuredmedia":[{"embeddable":true,"href":"https:\/\/rubishome.com\/index.php?rest_route=\/wp\/v2\/media\/1850"}],"wp:attachment":[{"href":"https:\/\/rubishome.com\/index.php?rest_route=%2Fwp%2Fv2%2Fmedia&parent=1849"}],"curies":[{"name":"wp","href":"https:\/\/api.w.org\/{rel}","templated":true}]}}