{"id":1851,"date":"2023-09-01T21:29:11","date_gmt":"2023-09-01T19:29:11","guid":{"rendered":"https:\/\/rubishome.com\/?post_type=product&#038;p=1851"},"modified":"2024-10-21T19:07:21","modified_gmt":"2024-10-21T17:07:21","slug":"service-cafe-au-lait-12-pieces-2","status":"publish","type":"product","link":"https:\/\/rubishome.com\/?product=service-cafe-au-lait-12-pieces-2","title":{"rendered":"SERVICE CAF\u00c9 AU LAIT 12 PI\u00c8CES"},"content":{"rendered":"<p>12 pi\u00e8ces :<\/p>\n<p>6 tasses<\/p>\n<p>6 sous tasses<\/p>\n","protected":false},"excerpt":{"rendered":"<p>12 pi\u00e8ces : 6 tasses 6 sous tasses<\/p>\n","protected":false},"featured_media":1852,"comment_status":"open","ping_status":"closed","template":"","meta":[],"_links":{"self":[{"href":"https:\/\/rubishome.com\/index.php?rest_route=\/wp\/v2\/product\/1851"}],"collection":[{"href":"https:\/\/rubishome.com\/index.php?rest_route=\/wp\/v2\/product"}],"about":[{"href":"https:\/\/rubishome.com\/index.php?rest_route=\/wp\/v2\/types\/product"}],"replies":[{"embeddable":true,"href":"https:\/\/rubishome.com\/index.php?rest_route=%2Fwp%2Fv2%2Fcomments&post=1851"}],"wp:featuredmedia":[{"embeddable":true,"href":"https:\/\/rubishome.com\/index.php?rest_route=\/wp\/v2\/media\/1852"}],"wp:attachment":[{"href":"https:\/\/rubishome.com\/index.php?rest_route=%2Fwp%2Fv2%2Fmedia&parent=1851"}],"curies":[{"name":"wp","href":"https:\/\/api.w.org\/{rel}","templated":true}]}}