{"id":1924,"date":"2023-12-14T19:06:14","date_gmt":"2023-12-14T18:06:14","guid":{"rendered":"https:\/\/rubishome.com\/?post_type=product&#038;p=1924"},"modified":"2026-02-16T18:02:16","modified_gmt":"2026-02-16T17:02:16","slug":"set-pots-a-epices-8-pieces-avec-support-blanc-dore","status":"publish","type":"product","link":"https:\/\/rubishome.com\/?product=set-pots-a-epices-8-pieces-avec-support-blanc-dore","title":{"rendered":"SET POTS \u00c0 \u00c9PICES 8 PI\u00c8CES avec support blanc\/dor\u00e9"},"content":{"rendered":"<div>L\u2019ensemble de Pots de luxe\u00a0 8 pi\u00e8ces est un produit unique qui rassemble beaucoup de vos besoins dans le m\u00eame emballage.<\/div>\n<div><\/div>\n<div>Contenu et informations sur le produit<\/div>\n<div><\/div>\n<div>1 grand pot en verre: 26,5 cm de hauteur et 10 cm de diam\u00e8tre avec couvercle \u00e0 vide<\/div>\n<div>1 bocal en verre moyen: 21,5 cm de hauteur et 10 cm de diam\u00e8tre avec couvercle \u00e0 vide<\/div>\n<div>1 bocal en verre de petite taille: 17,5 cm de hauteur et 10 cm de diam\u00e8tre avec couvercle \u00e0 vide<\/div>\n<div>5 petits pots \u00e0 \u00e9pices en verre: couvercle torsad\u00e9 (3 types de style de moulage) 10,5 cm de hauteur et 5,5 cm de diam\u00e8tre<\/div>\n","protected":false},"excerpt":{"rendered":"<p>L\u2019ensemble de Pots de luxe\u00a0 8 pi\u00e8ces est un produit unique qui rassemble beaucoup de vos besoins dans le m\u00eame emballage. Contenu et informations sur le produit 1 grand pot en verre: 26,5 cm de hauteur et 10 cm de diam\u00e8tre avec couvercle \u00e0 vide&#8230;<\/p>\n","protected":false},"featured_media":1925,"comment_status":"open","ping_status":"closed","template":"","meta":[],"_links":{"self":[{"href":"https:\/\/rubishome.com\/index.php?rest_route=\/wp\/v2\/product\/1924"}],"collection":[{"href":"https:\/\/rubishome.com\/index.php?rest_route=\/wp\/v2\/product"}],"about":[{"href":"https:\/\/rubishome.com\/index.php?rest_route=\/wp\/v2\/types\/product"}],"replies":[{"embeddable":true,"href":"https:\/\/rubishome.com\/index.php?rest_route=%2Fwp%2Fv2%2Fcomments&post=1924"}],"wp:featuredmedia":[{"embeddable":true,"href":"https:\/\/rubishome.com\/index.php?rest_route=\/wp\/v2\/media\/1925"}],"wp:attachment":[{"href":"https:\/\/rubishome.com\/index.php?rest_route=%2Fwp%2Fv2%2Fmedia&parent=1924"}],"curies":[{"name":"wp","href":"https:\/\/api.w.org\/{rel}","templated":true}]}}