{"id":1927,"date":"2023-12-14T19:09:54","date_gmt":"2023-12-14T18:09:54","guid":{"rendered":"https:\/\/rubishome.com\/?post_type=product&#038;p=1927"},"modified":"2024-11-29T17:22:52","modified_gmt":"2024-11-29T16:22:52","slug":"service-a-eau-de-31-pieces-4","status":"publish","type":"product","link":"https:\/\/rubishome.com\/?product=service-a-eau-de-31-pieces-4","title":{"rendered":"SERVICE \u00c0 EAU DE 31 PI\u00c8CES"},"content":{"rendered":"<p>6 verres<\/p>\n<p>6 verres \u00e0 eau<\/p>\n<p>6 verres \u00e0 pied<\/p>\n<p>6 verres \u00e0 th\u00e9<\/p>\n<p>6 sous tasses<\/p>\n<p>1 Carafe<\/p>\n","protected":false},"excerpt":{"rendered":"<p>6 verres 6 verres \u00e0 eau 6 verres \u00e0 pied 6 verres \u00e0 th\u00e9 6 sous tasses 1 Carafe<\/p>\n","protected":false},"featured_media":1928,"comment_status":"open","ping_status":"closed","template":"","meta":[],"_links":{"self":[{"href":"https:\/\/rubishome.com\/index.php?rest_route=\/wp\/v2\/product\/1927"}],"collection":[{"href":"https:\/\/rubishome.com\/index.php?rest_route=\/wp\/v2\/product"}],"about":[{"href":"https:\/\/rubishome.com\/index.php?rest_route=\/wp\/v2\/types\/product"}],"replies":[{"embeddable":true,"href":"https:\/\/rubishome.com\/index.php?rest_route=%2Fwp%2Fv2%2Fcomments&post=1927"}],"wp:featuredmedia":[{"embeddable":true,"href":"https:\/\/rubishome.com\/index.php?rest_route=\/wp\/v2\/media\/1928"}],"wp:attachment":[{"href":"https:\/\/rubishome.com\/index.php?rest_route=%2Fwp%2Fv2%2Fmedia&parent=1927"}],"curies":[{"name":"wp","href":"https:\/\/api.w.org\/{rel}","templated":true}]}}