{"id":1971,"date":"2024-01-14T14:04:17","date_gmt":"2024-01-14T13:04:17","guid":{"rendered":"https:\/\/rubishome.com\/?post_type=product&#038;p=1971"},"modified":"2024-03-12T11:03:26","modified_gmt":"2024-03-12T10:03:26","slug":"set-granite-s-9106-gris","status":"publish","type":"product","link":"https:\/\/rubishome.com\/?product=set-granite-s-9106-gris","title":{"rendered":"SET GRANITE S-9106 GRIS"},"content":{"rendered":"<p>MARQUE: EV\u0130MSARAY<br \/>\nP\u00c9RIODE DE GARANTIE: 2 ANN\u00c9ES<br \/>\nPI\u00c8CE EN BO\u00ceTE: 7 pi\u00e8ces<\/p>\n","protected":false},"excerpt":{"rendered":"<p>MARQUE: EV\u0130MSARAY P\u00c9RIODE DE GARANTIE: 2 ANN\u00c9ES PI\u00c8CE EN BO\u00ceTE: 7 pi\u00e8ces<\/p>\n","protected":false},"featured_media":1972,"comment_status":"open","ping_status":"closed","template":"","meta":[],"_links":{"self":[{"href":"https:\/\/rubishome.com\/index.php?rest_route=\/wp\/v2\/product\/1971"}],"collection":[{"href":"https:\/\/rubishome.com\/index.php?rest_route=\/wp\/v2\/product"}],"about":[{"href":"https:\/\/rubishome.com\/index.php?rest_route=\/wp\/v2\/types\/product"}],"replies":[{"embeddable":true,"href":"https:\/\/rubishome.com\/index.php?rest_route=%2Fwp%2Fv2%2Fcomments&post=1971"}],"wp:featuredmedia":[{"embeddable":true,"href":"https:\/\/rubishome.com\/index.php?rest_route=\/wp\/v2\/media\/1972"}],"wp:attachment":[{"href":"https:\/\/rubishome.com\/index.php?rest_route=%2Fwp%2Fv2%2Fmedia&parent=1971"}],"curies":[{"name":"wp","href":"https:\/\/api.w.org\/{rel}","templated":true}]}}