{"id":1984,"date":"2024-01-17T19:18:39","date_gmt":"2024-01-17T18:18:39","guid":{"rendered":"https:\/\/rubishome.com\/?post_type=product&#038;p=1984"},"modified":"2024-01-17T19:18:40","modified_gmt":"2024-01-17T18:18:40","slug":"service-a-cafe-12-pieces-blanc-dore","status":"publish","type":"product","link":"https:\/\/rubishome.com\/?product=service-a-cafe-12-pieces-blanc-dore","title":{"rendered":"SERVICE \u00c0 CAF\u00c9 12 PI\u00c8CES blanc \/ dor\u00e9"},"content":{"rendered":"<p>12 pi\u00e8ces<\/p>\n<p>6 tasses<\/p>\n<p>6 sous tasses<\/p>\n","protected":false},"excerpt":{"rendered":"<p>12 pi\u00e8ces 6 tasses 6 sous tasses<\/p>\n","protected":false},"featured_media":1985,"comment_status":"open","ping_status":"closed","template":"","meta":[],"_links":{"self":[{"href":"https:\/\/rubishome.com\/index.php?rest_route=\/wp\/v2\/product\/1984"}],"collection":[{"href":"https:\/\/rubishome.com\/index.php?rest_route=\/wp\/v2\/product"}],"about":[{"href":"https:\/\/rubishome.com\/index.php?rest_route=\/wp\/v2\/types\/product"}],"replies":[{"embeddable":true,"href":"https:\/\/rubishome.com\/index.php?rest_route=%2Fwp%2Fv2%2Fcomments&post=1984"}],"wp:featuredmedia":[{"embeddable":true,"href":"https:\/\/rubishome.com\/index.php?rest_route=\/wp\/v2\/media\/1985"}],"wp:attachment":[{"href":"https:\/\/rubishome.com\/index.php?rest_route=%2Fwp%2Fv2%2Fmedia&parent=1984"}],"curies":[{"name":"wp","href":"https:\/\/api.w.org\/{rel}","templated":true}]}}