{"id":2038,"date":"2024-04-24T16:13:51","date_gmt":"2024-04-24T14:13:51","guid":{"rendered":"https:\/\/rubishome.com\/?post_type=product&#038;p=2038"},"modified":"2025-05-20T19:38:00","modified_gmt":"2025-05-20T17:38:00","slug":"service-menagere-didim-de-84-pieces","status":"publish","type":"product","link":"https:\/\/rubishome.com\/?product=service-menagere-didim-de-84-pieces","title":{"rendered":"SERVICE M\u00c9NAG\u00c8RE DIDIM DE 89 PI\u00c8CES"},"content":{"rendered":"<p>12 Cuill\u00e8res \u00e0 soupe<\/p>\n<p>12 cuillers \u00e0 caf\u00e9<\/p>\n<p>12 cuillers \u00e0 dessert<\/p>\n<p>12 couteaux<\/p>\n<p>12 couteaux \u00e0 dessert<\/p>\n<p>12 fourchettes<\/p>\n<p>12 fourchettes \u00e0 dessert<\/p>\n<p>5 louches<\/p>\n","protected":false},"excerpt":{"rendered":"<p>en inox 18\/10<\/p>\n","protected":false},"featured_media":2039,"comment_status":"open","ping_status":"closed","template":"","meta":[],"_links":{"self":[{"href":"https:\/\/rubishome.com\/index.php?rest_route=\/wp\/v2\/product\/2038"}],"collection":[{"href":"https:\/\/rubishome.com\/index.php?rest_route=\/wp\/v2\/product"}],"about":[{"href":"https:\/\/rubishome.com\/index.php?rest_route=\/wp\/v2\/types\/product"}],"replies":[{"embeddable":true,"href":"https:\/\/rubishome.com\/index.php?rest_route=%2Fwp%2Fv2%2Fcomments&post=2038"}],"wp:featuredmedia":[{"embeddable":true,"href":"https:\/\/rubishome.com\/index.php?rest_route=\/wp\/v2\/media\/2039"}],"wp:attachment":[{"href":"https:\/\/rubishome.com\/index.php?rest_route=%2Fwp%2Fv2%2Fmedia&parent=2038"}],"curies":[{"name":"wp","href":"https:\/\/api.w.org\/{rel}","templated":true}]}}