{"id":2062,"date":"2024-04-24T18:54:35","date_gmt":"2024-04-24T16:54:35","guid":{"rendered":"https:\/\/rubishome.com\/?post_type=product&#038;p=2062"},"modified":"2025-09-20T18:15:27","modified_gmt":"2025-09-20T16:15:27","slug":"couscoussier-en-granite-noir","status":"publish","type":"product","link":"https:\/\/rubishome.com\/?product=couscoussier-en-granite-noir","title":{"rendered":"couscoussier en granite noir"},"content":{"rendered":"<p>couscoussier en granite est l&#8217;outil id\u00e9al pour pr\u00e9parer un d\u00e9licieux couscous traditionnel. Avec sa capacit\u00e9 de 5 litres<\/p>\n","protected":false},"excerpt":{"rendered":"<p>couscoussier en granite est l&#8217;outil id\u00e9al pour pr\u00e9parer un d\u00e9licieux couscous traditionnel. Avec sa capacit\u00e9 de 5 litres<\/p>\n","protected":false},"featured_media":2063,"comment_status":"open","ping_status":"closed","template":"","meta":[],"_links":{"self":[{"href":"https:\/\/rubishome.com\/index.php?rest_route=\/wp\/v2\/product\/2062"}],"collection":[{"href":"https:\/\/rubishome.com\/index.php?rest_route=\/wp\/v2\/product"}],"about":[{"href":"https:\/\/rubishome.com\/index.php?rest_route=\/wp\/v2\/types\/product"}],"replies":[{"embeddable":true,"href":"https:\/\/rubishome.com\/index.php?rest_route=%2Fwp%2Fv2%2Fcomments&post=2062"}],"wp:featuredmedia":[{"embeddable":true,"href":"https:\/\/rubishome.com\/index.php?rest_route=\/wp\/v2\/media\/2063"}],"wp:attachment":[{"href":"https:\/\/rubishome.com\/index.php?rest_route=%2Fwp%2Fv2%2Fmedia&parent=2062"}],"curies":[{"name":"wp","href":"https:\/\/api.w.org\/{rel}","templated":true}]}}