{"id":2080,"date":"2024-04-25T15:29:10","date_gmt":"2024-04-25T13:29:10","guid":{"rendered":"https:\/\/rubishome.com\/?post_type=product&#038;p=2080"},"modified":"2024-09-07T20:46:14","modified_gmt":"2024-09-07T18:46:14","slug":"ensemble-de-5-couteaux-avec-support-en-noir","status":"publish","type":"product","link":"https:\/\/rubishome.com\/?product=ensemble-de-5-couteaux-avec-support-en-noir","title":{"rendered":"ENSEMBLE DE 5 COUTEAUX AVEC SUPPORT en noir"},"content":{"rendered":"","protected":false},"excerpt":{"rendered":"<h6 class=\"title-holder clearfix description_tab ui-accordion-header ui-helper-reset ui-corner-top ui-accordion-header-active ui-state-active\"><\/h6>\n<div class=\"accordion_content ui-accordion-content ui-helper-reset ui-widget-content ui-corner-bottom ui-accordion-content-active\">\n<div class=\"accordion_content_inner\">\n<ul>\n<li>Le nouvel ensemble de couteaux Mia, compos\u00e9 de 6 pi\u00e8ces, a un design \u00e9l\u00e9gant.\u00a0Il conserve sa nettet\u00e9 pendant longtemps sans avoir besoin d\u2019\u00eatre aiguis\u00e9.<\/li>\n<li>Il est pr\u00e9sent\u00e9 avec un bloc \u00e0 couteaux en bois au design \u00e9l\u00e9gant qui ne prend pas de place sur votre comptoir.<\/li>\n<li>Il convient au lavage au lave-vaisselle.\u00a0S\u00e9chez imm\u00e9diatement apr\u00e8s le lavage pour une utilisation durable.<\/li>\n<\/ul>\n<\/div>\n<\/div>\n","protected":false},"featured_media":2082,"comment_status":"open","ping_status":"closed","template":"","meta":[],"_links":{"self":[{"href":"https:\/\/rubishome.com\/index.php?rest_route=\/wp\/v2\/product\/2080"}],"collection":[{"href":"https:\/\/rubishome.com\/index.php?rest_route=\/wp\/v2\/product"}],"about":[{"href":"https:\/\/rubishome.com\/index.php?rest_route=\/wp\/v2\/types\/product"}],"replies":[{"embeddable":true,"href":"https:\/\/rubishome.com\/index.php?rest_route=%2Fwp%2Fv2%2Fcomments&post=2080"}],"wp:featuredmedia":[{"embeddable":true,"href":"https:\/\/rubishome.com\/index.php?rest_route=\/wp\/v2\/media\/2082"}],"wp:attachment":[{"href":"https:\/\/rubishome.com\/index.php?rest_route=%2Fwp%2Fv2%2Fmedia&parent=2080"}],"curies":[{"name":"wp","href":"https:\/\/api.w.org\/{rel}","templated":true}]}}