{"id":2084,"date":"2024-04-25T15:33:57","date_gmt":"2024-04-25T13:33:57","guid":{"rendered":"https:\/\/rubishome.com\/?post_type=product&#038;p=2084"},"modified":"2025-08-30T16:27:27","modified_gmt":"2025-08-30T14:27:27","slug":"ensemble-de-5-couteaux-avec-support-en-rose","status":"publish","type":"product","link":"https:\/\/rubishome.com\/?product=ensemble-de-5-couteaux-avec-support-en-rose","title":{"rendered":"ENSEMBLE DE 5 COUTEAUX AVEC SUPPORT EN rose"},"content":{"rendered":"","protected":false},"excerpt":{"rendered":"<ul>\n<li>Le nouvel ensemble de couteaux Mia, compos\u00e9 de 6 pi\u00e8ces, a un design \u00e9l\u00e9gant. Il conserve sa nettet\u00e9 pendant longtemps sans avoir besoin d\u2019\u00eatre aiguis\u00e9<\/li>\n<li>Il convient au lavage au lave-vaisselle.\u00a0S\u00e9chez imm\u00e9diatement apr\u00e8s le lavage pour une utilisation durable.<\/li>\n<\/ul>\n","protected":false},"featured_media":2085,"comment_status":"open","ping_status":"closed","template":"","meta":[],"_links":{"self":[{"href":"https:\/\/rubishome.com\/index.php?rest_route=\/wp\/v2\/product\/2084"}],"collection":[{"href":"https:\/\/rubishome.com\/index.php?rest_route=\/wp\/v2\/product"}],"about":[{"href":"https:\/\/rubishome.com\/index.php?rest_route=\/wp\/v2\/types\/product"}],"replies":[{"embeddable":true,"href":"https:\/\/rubishome.com\/index.php?rest_route=%2Fwp%2Fv2%2Fcomments&post=2084"}],"wp:featuredmedia":[{"embeddable":true,"href":"https:\/\/rubishome.com\/index.php?rest_route=\/wp\/v2\/media\/2085"}],"wp:attachment":[{"href":"https:\/\/rubishome.com\/index.php?rest_route=%2Fwp%2Fv2%2Fmedia&parent=2084"}],"curies":[{"name":"wp","href":"https:\/\/api.w.org\/{rel}","templated":true}]}}