{"id":2100,"date":"2024-04-25T16:39:43","date_gmt":"2024-04-25T14:39:43","guid":{"rendered":"https:\/\/rubishome.com\/?post_type=product&#038;p=2100"},"modified":"2024-04-25T16:39:43","modified_gmt":"2024-04-25T14:39:43","slug":"pince-a-gateau-en-dore","status":"publish","type":"product","link":"https:\/\/rubishome.com\/?product=pince-a-gateau-en-dore","title":{"rendered":"pince \u00e0 g\u00e2teau en dor\u00e9"},"content":{"rendered":"<p>pince en inox 18\/10<\/p>\n","protected":false},"excerpt":{"rendered":"<p>pince en inox 18\/10<\/p>\n","protected":false},"featured_media":2101,"comment_status":"open","ping_status":"closed","template":"","meta":[],"_links":{"self":[{"href":"https:\/\/rubishome.com\/index.php?rest_route=\/wp\/v2\/product\/2100"}],"collection":[{"href":"https:\/\/rubishome.com\/index.php?rest_route=\/wp\/v2\/product"}],"about":[{"href":"https:\/\/rubishome.com\/index.php?rest_route=\/wp\/v2\/types\/product"}],"replies":[{"embeddable":true,"href":"https:\/\/rubishome.com\/index.php?rest_route=%2Fwp%2Fv2%2Fcomments&post=2100"}],"wp:featuredmedia":[{"embeddable":true,"href":"https:\/\/rubishome.com\/index.php?rest_route=\/wp\/v2\/media\/2101"}],"wp:attachment":[{"href":"https:\/\/rubishome.com\/index.php?rest_route=%2Fwp%2Fv2%2Fmedia&parent=2100"}],"curies":[{"name":"wp","href":"https:\/\/api.w.org\/{rel}","templated":true}]}}