{"id":2131,"date":"2024-04-26T16:00:34","date_gmt":"2024-04-26T14:00:34","guid":{"rendered":"https:\/\/rubishome.com\/?post_type=product&#038;p=2131"},"modified":"2025-09-20T18:21:15","modified_gmt":"2025-09-20T16:21:15","slug":"service-a-cafe-the-de-18-pieces","status":"publish","type":"product","link":"https:\/\/rubishome.com\/?product=service-a-cafe-the-de-18-pieces","title":{"rendered":"service \u00e0 caf\u00e9\/th\u00e9 de 18 pi\u00e8ces"},"content":{"rendered":"<p>6 tasses a caf\u00e9<\/p>\n<p>6 sous tasses<\/p>\n<p>6 verres \u00e0 th\u00e9<\/p>\n","protected":false},"excerpt":{"rendered":"<p>6 tasses a caf\u00e9 6 sous tasses 6 verres \u00e0 th\u00e9<\/p>\n","protected":false},"featured_media":2925,"comment_status":"open","ping_status":"closed","template":"","meta":[],"_links":{"self":[{"href":"https:\/\/rubishome.com\/index.php?rest_route=\/wp\/v2\/product\/2131"}],"collection":[{"href":"https:\/\/rubishome.com\/index.php?rest_route=\/wp\/v2\/product"}],"about":[{"href":"https:\/\/rubishome.com\/index.php?rest_route=\/wp\/v2\/types\/product"}],"replies":[{"embeddable":true,"href":"https:\/\/rubishome.com\/index.php?rest_route=%2Fwp%2Fv2%2Fcomments&post=2131"}],"wp:featuredmedia":[{"embeddable":true,"href":"https:\/\/rubishome.com\/index.php?rest_route=\/wp\/v2\/media\/2925"}],"wp:attachment":[{"href":"https:\/\/rubishome.com\/index.php?rest_route=%2Fwp%2Fv2%2Fmedia&parent=2131"}],"curies":[{"name":"wp","href":"https:\/\/api.w.org\/{rel}","templated":true}]}}