{"id":2139,"date":"2024-04-26T20:28:31","date_gmt":"2024-04-26T18:28:31","guid":{"rendered":"https:\/\/rubishome.com\/?post_type=product&#038;p=2139"},"modified":"2024-12-25T20:03:43","modified_gmt":"2024-12-25T19:03:43","slug":"set-pots-a-epices-17-pieces-noir-rose-gold","status":"publish","type":"product","link":"https:\/\/rubishome.com\/?product=set-pots-a-epices-17-pieces-noir-rose-gold","title":{"rendered":"SET POTS \u00c0 \u00c9PICES 17 PI\u00c8CES noir\/rose gold"},"content":{"rendered":"<div>L\u2019ensemble de Pots de luxe\u00a0 17 pi\u00e8ces est un produit unique qui rassemble beaucoup de vos besoins dans le m\u00eame emballage.<\/div>\n<div><\/div>\n<div>Contenu et informations sur le produit<\/div>\n<div><\/div>\n<div>1 grand pot en verre: 26,5 cm de hauteur et 10 cm de diam\u00e8tre avec couvercle \u00e0 vide<\/div>\n<div>1 bocal en verre moyen: 21,5 cm de hauteur et 10 cm de diam\u00e8tre avec couvercle \u00e0 vide<\/div>\n<div>1 bocal en verre de petite taille: 17,5 cm de hauteur et 10 cm de diam\u00e8tre avec couvercle \u00e0 vide<\/div>\n<div>7 petits pots \u00e0 \u00e9pices en verre: couvercle torsad\u00e9 (3 types de style de moulage) 10,5 cm de hauteur et 5,5 cm de diam\u00e8tre<\/div>\n<div>3 grands pots \u00e0 \u00e9pices en verre: couvercle sous vide de 13 cm de hauteur et 10 cm de diam\u00e8tre<\/div>\n<div>1 support en fil: 21 cm de largeur \u2013 31 cm de longueur et 23 cm de hauteur<\/div>\n<div>2 bouteilles d\u2019huile et de vinaigre: 17,5 cm de hauteur et 6 cm de diam\u00e8tre<\/div>\n<div>1 support rotatif: 16 cm de diam\u00e8tre et 25 cm de hauteur<\/div>\n","protected":false},"excerpt":{"rendered":"<p>L\u2019ensemble de Pots de luxe\u00a0 17 pi\u00e8ces est un produit unique qui rassemble beaucoup de vos besoins dans le m\u00eame emballage. Contenu et informations sur le produit 1 grand pot en verre: 26,5 cm de hauteur et 10 cm de diam\u00e8tre avec couvercle \u00e0 vide&#8230;<\/p>\n","protected":false},"featured_media":2140,"comment_status":"open","ping_status":"closed","template":"","meta":[],"_links":{"self":[{"href":"https:\/\/rubishome.com\/index.php?rest_route=\/wp\/v2\/product\/2139"}],"collection":[{"href":"https:\/\/rubishome.com\/index.php?rest_route=\/wp\/v2\/product"}],"about":[{"href":"https:\/\/rubishome.com\/index.php?rest_route=\/wp\/v2\/types\/product"}],"replies":[{"embeddable":true,"href":"https:\/\/rubishome.com\/index.php?rest_route=%2Fwp%2Fv2%2Fcomments&post=2139"}],"wp:featuredmedia":[{"embeddable":true,"href":"https:\/\/rubishome.com\/index.php?rest_route=\/wp\/v2\/media\/2140"}],"wp:attachment":[{"href":"https:\/\/rubishome.com\/index.php?rest_route=%2Fwp%2Fv2%2Fmedia&parent=2139"}],"curies":[{"name":"wp","href":"https:\/\/api.w.org\/{rel}","templated":true}]}}