{"id":2264,"date":"2024-07-11T16:17:30","date_gmt":"2024-07-11T14:17:30","guid":{"rendered":"https:\/\/rubishome.com\/?post_type=product&#038;p=2264"},"modified":"2026-04-10T18:14:45","modified_gmt":"2026-04-10T16:14:45","slug":"service-a-the-18-pieces-petek-gold","status":"publish","type":"product","link":"https:\/\/rubishome.com\/?product=service-a-the-18-pieces-petek-gold","title":{"rendered":"service \u00e0 th\u00e9 18 pi\u00e8ces petek gold"},"content":{"rendered":"<p>6 verres<\/p>\n<p>6 sous tasses<\/p>\n<p>6 cuill\u00e8res<\/p>\n","protected":false},"excerpt":{"rendered":"<p>Service \u00e0 th\u00e9 18 pi\u00e8ces en inox 18\/10<\/p>\n","protected":false},"featured_media":3192,"comment_status":"open","ping_status":"closed","template":"","meta":[],"_links":{"self":[{"href":"https:\/\/rubishome.com\/index.php?rest_route=\/wp\/v2\/product\/2264"}],"collection":[{"href":"https:\/\/rubishome.com\/index.php?rest_route=\/wp\/v2\/product"}],"about":[{"href":"https:\/\/rubishome.com\/index.php?rest_route=\/wp\/v2\/types\/product"}],"replies":[{"embeddable":true,"href":"https:\/\/rubishome.com\/index.php?rest_route=%2Fwp%2Fv2%2Fcomments&post=2264"}],"wp:featuredmedia":[{"embeddable":true,"href":"https:\/\/rubishome.com\/index.php?rest_route=\/wp\/v2\/media\/3192"}],"wp:attachment":[{"href":"https:\/\/rubishome.com\/index.php?rest_route=%2Fwp%2Fv2%2Fmedia&parent=2264"}],"curies":[{"name":"wp","href":"https:\/\/api.w.org\/{rel}","templated":true}]}}