{"id":2277,"date":"2024-07-11T18:40:26","date_gmt":"2024-07-11T16:40:26","guid":{"rendered":"https:\/\/rubishome.com\/?post_type=product&#038;p=2277"},"modified":"2025-12-29T19:32:08","modified_gmt":"2025-12-29T18:32:08","slug":"service-a-eau-de-49-pieces-gold","status":"publish","type":"product","link":"https:\/\/rubishome.com\/?product=service-a-eau-de-49-pieces-gold","title":{"rendered":"SERVICE \u00c0 EAU DE 49 PI\u00c8CES gold"},"content":{"rendered":"<p>12 verres \u00e0 eau<\/p>\n<p>12 verres \u00e0 pied<\/p>\n<p>12 verres \u00e0 th\u00e9<\/p>\n<p>12 sous tasses<\/p>\n<p>1 Carafe<\/p>\n","protected":false},"excerpt":{"rendered":"<p>12 verres \u00e0 eau 12 verres \u00e0 pied 12 verres \u00e0 th\u00e9 12 sous tasses 1 Carafe<\/p>\n","protected":false},"featured_media":3058,"comment_status":"open","ping_status":"closed","template":"","meta":[],"_links":{"self":[{"href":"https:\/\/rubishome.com\/index.php?rest_route=\/wp\/v2\/product\/2277"}],"collection":[{"href":"https:\/\/rubishome.com\/index.php?rest_route=\/wp\/v2\/product"}],"about":[{"href":"https:\/\/rubishome.com\/index.php?rest_route=\/wp\/v2\/types\/product"}],"replies":[{"embeddable":true,"href":"https:\/\/rubishome.com\/index.php?rest_route=%2Fwp%2Fv2%2Fcomments&post=2277"}],"wp:featuredmedia":[{"embeddable":true,"href":"https:\/\/rubishome.com\/index.php?rest_route=\/wp\/v2\/media\/3058"}],"wp:attachment":[{"href":"https:\/\/rubishome.com\/index.php?rest_route=%2Fwp%2Fv2%2Fmedia&parent=2277"}],"curies":[{"name":"wp","href":"https:\/\/api.w.org\/{rel}","templated":true}]}}