{"id":2299,"date":"2024-07-12T19:15:00","date_gmt":"2024-07-12T17:15:00","guid":{"rendered":"https:\/\/rubishome.com\/?post_type=product&#038;p=2299"},"modified":"2026-02-13T19:52:03","modified_gmt":"2026-02-13T18:52:03","slug":"ensemble-de-3-zazwa-en-granite-avec-support-noir-dore","status":"publish","type":"product","link":"https:\/\/rubishome.com\/?product=ensemble-de-3-zazwa-en-granite-avec-support-noir-dore","title":{"rendered":"ENSEMBLE DE 3 ZAZWA EN GRANITE AVEC SUPPORT noir\/dor\u00e9"},"content":{"rendered":"<p>contenance :<\/p>\n<p>2 tasses caf\u00e9<\/p>\n<p>4 tasses caf\u00e9<\/p>\n<p>6 tasses caf\u00e9<\/p>\n","protected":false},"excerpt":{"rendered":"<p>contenance : 2 tasses caf\u00e9 4 tasses caf\u00e9 6 tasses caf\u00e9<\/p>\n","protected":false},"featured_media":2300,"comment_status":"open","ping_status":"closed","template":"","meta":[],"_links":{"self":[{"href":"https:\/\/rubishome.com\/index.php?rest_route=\/wp\/v2\/product\/2299"}],"collection":[{"href":"https:\/\/rubishome.com\/index.php?rest_route=\/wp\/v2\/product"}],"about":[{"href":"https:\/\/rubishome.com\/index.php?rest_route=\/wp\/v2\/types\/product"}],"replies":[{"embeddable":true,"href":"https:\/\/rubishome.com\/index.php?rest_route=%2Fwp%2Fv2%2Fcomments&post=2299"}],"wp:featuredmedia":[{"embeddable":true,"href":"https:\/\/rubishome.com\/index.php?rest_route=\/wp\/v2\/media\/2300"}],"wp:attachment":[{"href":"https:\/\/rubishome.com\/index.php?rest_route=%2Fwp%2Fv2%2Fmedia&parent=2299"}],"curies":[{"name":"wp","href":"https:\/\/api.w.org\/{rel}","templated":true}]}}