{"id":2404,"date":"2024-10-08T16:16:10","date_gmt":"2024-10-08T14:16:10","guid":{"rendered":"https:\/\/rubishome.com\/?post_type=product&#038;p=2404"},"modified":"2026-04-02T19:49:17","modified_gmt":"2026-04-02T17:49:17","slug":"set-de-presentation-de-3-pieces","status":"publish","type":"product","link":"https:\/\/rubishome.com\/?product=set-de-presentation-de-3-pieces","title":{"rendered":"set de pr\u00e9sentation de 3 pi\u00e8ces"},"content":{"rendered":"<p>saladier et 2 plats de pr\u00e9sentation<\/p>\n","protected":false},"excerpt":{"rendered":"<p>saladier et 2 plats de pr\u00e9sentation<\/p>\n","protected":false},"featured_media":2405,"comment_status":"open","ping_status":"closed","template":"","meta":[],"_links":{"self":[{"href":"https:\/\/rubishome.com\/index.php?rest_route=\/wp\/v2\/product\/2404"}],"collection":[{"href":"https:\/\/rubishome.com\/index.php?rest_route=\/wp\/v2\/product"}],"about":[{"href":"https:\/\/rubishome.com\/index.php?rest_route=\/wp\/v2\/types\/product"}],"replies":[{"embeddable":true,"href":"https:\/\/rubishome.com\/index.php?rest_route=%2Fwp%2Fv2%2Fcomments&post=2404"}],"wp:featuredmedia":[{"embeddable":true,"href":"https:\/\/rubishome.com\/index.php?rest_route=\/wp\/v2\/media\/2405"}],"wp:attachment":[{"href":"https:\/\/rubishome.com\/index.php?rest_route=%2Fwp%2Fv2%2Fmedia&parent=2404"}],"curies":[{"name":"wp","href":"https:\/\/api.w.org\/{rel}","templated":true}]}}