{"id":2414,"date":"2024-10-08T16:28:37","date_gmt":"2024-10-08T14:28:37","guid":{"rendered":"https:\/\/rubishome.com\/?post_type=product&#038;p=2414"},"modified":"2024-11-26T19:17:32","modified_gmt":"2024-11-26T18:17:32","slug":"couscoussier-en-granite-noir-mouchete","status":"publish","type":"product","link":"https:\/\/rubishome.com\/?product=couscoussier-en-granite-noir-mouchete","title":{"rendered":"couscoussier en granite noir\/mouchet\u00e9"},"content":{"rendered":"<p>couscoussier en granite est l\u2019outil id\u00e9al pour pr\u00e9parer un d\u00e9licieux couscous traditionnel. Avec sa capacit\u00e9 de 5 litres<\/p>\n","protected":false},"excerpt":{"rendered":"<p>couscoussier en granite est l\u2019outil id\u00e9al pour pr\u00e9parer un d\u00e9licieux couscous traditionnel. Avec sa capacit\u00e9 de 5 litres<\/p>\n","protected":false},"featured_media":2415,"comment_status":"open","ping_status":"closed","template":"","meta":[],"_links":{"self":[{"href":"https:\/\/rubishome.com\/index.php?rest_route=\/wp\/v2\/product\/2414"}],"collection":[{"href":"https:\/\/rubishome.com\/index.php?rest_route=\/wp\/v2\/product"}],"about":[{"href":"https:\/\/rubishome.com\/index.php?rest_route=\/wp\/v2\/types\/product"}],"replies":[{"embeddable":true,"href":"https:\/\/rubishome.com\/index.php?rest_route=%2Fwp%2Fv2%2Fcomments&post=2414"}],"wp:featuredmedia":[{"embeddable":true,"href":"https:\/\/rubishome.com\/index.php?rest_route=\/wp\/v2\/media\/2415"}],"wp:attachment":[{"href":"https:\/\/rubishome.com\/index.php?rest_route=%2Fwp%2Fv2%2Fmedia&parent=2414"}],"curies":[{"name":"wp","href":"https:\/\/api.w.org\/{rel}","templated":true}]}}