{"id":2435,"date":"2024-10-10T18:17:41","date_gmt":"2024-10-10T16:17:41","guid":{"rendered":"https:\/\/rubishome.com\/?post_type=product&#038;p=2435"},"modified":"2026-02-13T19:53:23","modified_gmt":"2026-02-13T18:53:23","slug":"service-inox-de-10-pieces","status":"publish","type":"product","link":"https:\/\/rubishome.com\/?product=service-inox-de-10-pieces","title":{"rendered":"Service inox sirma en argent de 10 pi\u00e8ces"},"content":{"rendered":"<p><span id=\"ctl00_ContentPlaceHolder1_lblBUrunKod\">CODE PRODUIT:<\/span>\u00a0<span id=\"ctl00_ContentPlaceHolder1_lblUrunKod\">352<\/span><\/p>\n<p><span id=\"ctl00_ContentPlaceHolder1_lblMarkaBaslik\">MARQUE<\/span>: KAHRAMANLAR<\/p>\n<p>&nbsp;<\/p>\n","protected":false},"excerpt":{"rendered":"<ul>\n<li>Forme de corps sp\u00e9ciale<\/li>\n<li>Base de super capsule assurant une conduction thermique homog\u00e8ne<\/li>\n<li>Des surfaces ext\u00e9rieures qui conservent toujours leur \u00e9clat<\/li>\n<li>Poign\u00e9e et boutons en acier inoxydable r\u00e9sistant \u00e0 la chaleur<\/li>\n<li>Portes en verre transparent r\u00e9sistant \u00e0 la chaleur<\/li>\n<li>Faitout de 18 cm de profondeur<\/li>\n<li>Faitout de 20 cm de profondeur<\/li>\n<li>Faitout de 22 cm de profondeur<\/li>\n<li>Faitout de 24 cm de profondeur<\/li>\n<li>Faitout plat de 24 cm<\/li>\n<\/ul>\n","protected":false},"featured_media":2436,"comment_status":"open","ping_status":"closed","template":"","meta":[],"_links":{"self":[{"href":"https:\/\/rubishome.com\/index.php?rest_route=\/wp\/v2\/product\/2435"}],"collection":[{"href":"https:\/\/rubishome.com\/index.php?rest_route=\/wp\/v2\/product"}],"about":[{"href":"https:\/\/rubishome.com\/index.php?rest_route=\/wp\/v2\/types\/product"}],"replies":[{"embeddable":true,"href":"https:\/\/rubishome.com\/index.php?rest_route=%2Fwp%2Fv2%2Fcomments&post=2435"}],"wp:featuredmedia":[{"embeddable":true,"href":"https:\/\/rubishome.com\/index.php?rest_route=\/wp\/v2\/media\/2436"}],"wp:attachment":[{"href":"https:\/\/rubishome.com\/index.php?rest_route=%2Fwp%2Fv2%2Fmedia&parent=2435"}],"curies":[{"name":"wp","href":"https:\/\/api.w.org\/{rel}","templated":true}]}}