{"id":2461,"date":"2024-10-21T19:40:03","date_gmt":"2024-10-21T17:40:03","guid":{"rendered":"https:\/\/rubishome.com\/?post_type=product&#038;p=2461"},"modified":"2026-04-10T18:14:26","modified_gmt":"2026-04-10T16:14:26","slug":"service-a-the-18-pieces-roma-argent","status":"publish","type":"product","link":"https:\/\/rubishome.com\/?product=service-a-the-18-pieces-roma-argent","title":{"rendered":"service \u00e0 th\u00e9 18 pi\u00e8ces Roma Argent"},"content":{"rendered":"<p>6 verres<\/p>\n<p>6 sous tasses en inox 18\/10<\/p>\n<p>6 cuill\u00e8res en inox 18\/10<\/p>\n","protected":false},"excerpt":{"rendered":"<p>6 verres 6 sous tasses en inox 18\/10 6 cuill\u00e8res en inox 18\/10<\/p>\n","protected":false},"featured_media":2643,"comment_status":"open","ping_status":"closed","template":"","meta":[],"_links":{"self":[{"href":"https:\/\/rubishome.com\/index.php?rest_route=\/wp\/v2\/product\/2461"}],"collection":[{"href":"https:\/\/rubishome.com\/index.php?rest_route=\/wp\/v2\/product"}],"about":[{"href":"https:\/\/rubishome.com\/index.php?rest_route=\/wp\/v2\/types\/product"}],"replies":[{"embeddable":true,"href":"https:\/\/rubishome.com\/index.php?rest_route=%2Fwp%2Fv2%2Fcomments&post=2461"}],"wp:featuredmedia":[{"embeddable":true,"href":"https:\/\/rubishome.com\/index.php?rest_route=\/wp\/v2\/media\/2643"}],"wp:attachment":[{"href":"https:\/\/rubishome.com\/index.php?rest_route=%2Fwp%2Fv2%2Fmedia&parent=2461"}],"curies":[{"name":"wp","href":"https:\/\/api.w.org\/{rel}","templated":true}]}}