{"id":2565,"date":"2024-11-26T19:15:31","date_gmt":"2024-11-26T18:15:31","guid":{"rendered":"https:\/\/rubishome.com\/?post_type=product&#038;p=2565"},"modified":"2025-10-23T20:33:31","modified_gmt":"2025-10-23T18:33:31","slug":"parure-de-lit-en-coton-6-pieces-plume-vert-deau","status":"publish","type":"product","link":"https:\/\/rubishome.com\/?product=parure-de-lit-en-coton-6-pieces-plume-vert-deau","title":{"rendered":"parure de lit en coton 6 pi\u00e8ces plume vert d&#8217;eau"},"content":{"rendered":"<p>Housse de couette\u00a0 en satin de coton double face\u00a0 : 220\u00d7240<\/p>\n<p>Taie d\u2019oreiller\u00a0 : 50\u00d770 (2 pi\u00e8ces)<\/p>\n<p>Taie d\u2019oreiller simple : 50\u00d770 (2 pi\u00e8ces)<\/p>\n<p>housse de matais : 180\u00d7200+30cm<\/p>\n","protected":false},"excerpt":{"rendered":"<p>Housse de couette\u00a0 en satin de coton double face\u00a0 : 220\u00d7240 Taie d\u2019oreiller\u00a0 : 50\u00d770 (2 pi\u00e8ces) Taie d\u2019oreiller simple : 50\u00d770 (2 pi\u00e8ces) housse de matais : 180\u00d7200+30cm<\/p>\n","protected":false},"featured_media":2566,"comment_status":"open","ping_status":"closed","template":"","meta":[],"_links":{"self":[{"href":"https:\/\/rubishome.com\/index.php?rest_route=\/wp\/v2\/product\/2565"}],"collection":[{"href":"https:\/\/rubishome.com\/index.php?rest_route=\/wp\/v2\/product"}],"about":[{"href":"https:\/\/rubishome.com\/index.php?rest_route=\/wp\/v2\/types\/product"}],"replies":[{"embeddable":true,"href":"https:\/\/rubishome.com\/index.php?rest_route=%2Fwp%2Fv2%2Fcomments&post=2565"}],"wp:featuredmedia":[{"embeddable":true,"href":"https:\/\/rubishome.com\/index.php?rest_route=\/wp\/v2\/media\/2566"}],"wp:attachment":[{"href":"https:\/\/rubishome.com\/index.php?rest_route=%2Fwp%2Fv2%2Fmedia&parent=2565"}],"curies":[{"name":"wp","href":"https:\/\/api.w.org\/{rel}","templated":true}]}}