{"id":2575,"date":"2024-11-30T18:06:26","date_gmt":"2024-11-30T17:06:26","guid":{"rendered":"https:\/\/rubishome.com\/?post_type=product&#038;p=2575"},"modified":"2024-11-30T18:06:27","modified_gmt":"2024-11-30T17:06:27","slug":"service-carol-gold-en-porcelaine-de-55-pieces","status":"publish","type":"product","link":"https:\/\/rubishome.com\/?product=service-carol-gold-en-porcelaine-de-55-pieces","title":{"rendered":"SERVICE carol gold EN PORCELAINE DE 55 PI\u00c8CES"},"content":{"rendered":"<p>12 Assiettes Plates<\/p>\n<p>12 Assiettes Creuses<\/p>\n<p>12 Assiettes \u00e0 dessert<\/p>\n<p>12 Bols de soupe<\/p>\n<p>2 Petites assiettes de pr\u00e9sentations<\/p>\n<p>1 Grande Assiette de pr\u00e9sentation<\/p>\n<p>4 poivri\u00e8res<\/p>\n<p>2\u00a0 portes cure-dents<\/p>\n","protected":false},"excerpt":{"rendered":"<p>12 Assiettes Plates 12 Assiettes Creuses 12 Assiettes \u00e0 dessert 12 Bols de soupe 2 Petites assiettes de pr\u00e9sentations 1 Grande Assiette de pr\u00e9sentation 4 poivri\u00e8res 2\u00a0 portes cure-dents<\/p>\n","protected":false},"featured_media":2576,"comment_status":"open","ping_status":"closed","template":"","meta":[],"_links":{"self":[{"href":"https:\/\/rubishome.com\/index.php?rest_route=\/wp\/v2\/product\/2575"}],"collection":[{"href":"https:\/\/rubishome.com\/index.php?rest_route=\/wp\/v2\/product"}],"about":[{"href":"https:\/\/rubishome.com\/index.php?rest_route=\/wp\/v2\/types\/product"}],"replies":[{"embeddable":true,"href":"https:\/\/rubishome.com\/index.php?rest_route=%2Fwp%2Fv2%2Fcomments&post=2575"}],"wp:featuredmedia":[{"embeddable":true,"href":"https:\/\/rubishome.com\/index.php?rest_route=\/wp\/v2\/media\/2576"}],"wp:attachment":[{"href":"https:\/\/rubishome.com\/index.php?rest_route=%2Fwp%2Fv2%2Fmedia&parent=2575"}],"curies":[{"name":"wp","href":"https:\/\/api.w.org\/{rel}","templated":true}]}}