{"id":2645,"date":"2025-01-02T19:06:31","date_gmt":"2025-01-02T18:06:31","guid":{"rendered":"https:\/\/rubishome.com\/?post_type=product&#038;p=2645"},"modified":"2025-01-02T19:06:32","modified_gmt":"2025-01-02T18:06:32","slug":"sucriere-couvercle-pince-a-sucre-selcuklu-gold","status":"publish","type":"product","link":"https:\/\/rubishome.com\/?product=sucriere-couvercle-pince-a-sucre-selcuklu-gold","title":{"rendered":"sucri\u00e8re + couvercle  pince \u00e0 sucre Selcuklu Gold"},"content":{"rendered":"<p>sucri\u00e8re + couvercle<\/p>\n<p>pince \u00e0 sucre<\/p>\n","protected":false},"excerpt":{"rendered":"<p>sucri\u00e8re + couvercle pince \u00e0 sucre<\/p>\n","protected":false},"featured_media":2646,"comment_status":"open","ping_status":"closed","template":"","meta":[],"_links":{"self":[{"href":"https:\/\/rubishome.com\/index.php?rest_route=\/wp\/v2\/product\/2645"}],"collection":[{"href":"https:\/\/rubishome.com\/index.php?rest_route=\/wp\/v2\/product"}],"about":[{"href":"https:\/\/rubishome.com\/index.php?rest_route=\/wp\/v2\/types\/product"}],"replies":[{"embeddable":true,"href":"https:\/\/rubishome.com\/index.php?rest_route=%2Fwp%2Fv2%2Fcomments&post=2645"}],"wp:featuredmedia":[{"embeddable":true,"href":"https:\/\/rubishome.com\/index.php?rest_route=\/wp\/v2\/media\/2646"}],"wp:attachment":[{"href":"https:\/\/rubishome.com\/index.php?rest_route=%2Fwp%2Fv2%2Fmedia&parent=2645"}],"curies":[{"name":"wp","href":"https:\/\/api.w.org\/{rel}","templated":true}]}}