{"id":2676,"date":"2025-01-15T17:40:37","date_gmt":"2025-01-15T16:40:37","guid":{"rendered":"https:\/\/rubishome.com\/?post_type=product&#038;p=2676"},"modified":"2026-04-01T12:44:41","modified_gmt":"2026-04-01T10:44:41","slug":"service-menagere-de-89-pieces-adriana-en-argent-dore","status":"publish","type":"product","link":"https:\/\/rubishome.com\/?product=service-menagere-de-89-pieces-adriana-en-argent-dore","title":{"rendered":"Service m\u00e9nag\u00e8re de 89 pi\u00e8ces Adriana en argent\/dor\u00e9"},"content":{"rendered":"<p>12 Cuill\u00e8res \u00e0 soupe<\/p>\n<p>12 cuillers \u00e0 caf\u00e9<\/p>\n<p>12 cuillers \u00e0 dessert<\/p>\n<p>12 couteaux<\/p>\n<p>12 couteaux \u00e0 dessert<\/p>\n<p>12 fourchettes<\/p>\n<p>12 fourchettes \u00e0 dessert<\/p>\n<p>5 Louches<\/p>\n","protected":false},"excerpt":{"rendered":"<p>12 Cuill\u00e8res \u00e0 soupe 12 cuillers \u00e0 caf\u00e9 12 cuillers \u00e0 dessert 12 couteaux 12 couteaux \u00e0 dessert 12 fourchettes 12 fourchettes \u00e0 dessert 5 Louches<\/p>\n","protected":false},"featured_media":2678,"comment_status":"open","ping_status":"closed","template":"","meta":[],"_links":{"self":[{"href":"https:\/\/rubishome.com\/index.php?rest_route=\/wp\/v2\/product\/2676"}],"collection":[{"href":"https:\/\/rubishome.com\/index.php?rest_route=\/wp\/v2\/product"}],"about":[{"href":"https:\/\/rubishome.com\/index.php?rest_route=\/wp\/v2\/types\/product"}],"replies":[{"embeddable":true,"href":"https:\/\/rubishome.com\/index.php?rest_route=%2Fwp%2Fv2%2Fcomments&post=2676"}],"wp:featuredmedia":[{"embeddable":true,"href":"https:\/\/rubishome.com\/index.php?rest_route=\/wp\/v2\/media\/2678"}],"wp:attachment":[{"href":"https:\/\/rubishome.com\/index.php?rest_route=%2Fwp%2Fv2%2Fmedia&parent=2676"}],"curies":[{"name":"wp","href":"https:\/\/api.w.org\/{rel}","templated":true}]}}