{"id":2703,"date":"2025-01-29T18:14:06","date_gmt":"2025-01-29T17:14:06","guid":{"rendered":"https:\/\/rubishome.com\/?post_type=product&#038;p=2703"},"modified":"2025-08-30T16:27:43","modified_gmt":"2025-08-30T14:27:43","slug":"ensemble-de-5-couteaux-avec-support-en-bois","status":"publish","type":"product","link":"https:\/\/rubishome.com\/?product=ensemble-de-5-couteaux-avec-support-en-bois","title":{"rendered":"ENSEMBLE DE 5 COUTEAUX AVEC SUPPORT en bois"},"content":{"rendered":"<ul>\n<li>Le nouvel ensemble de couteaux Mia, compos\u00e9 de 6 pi\u00e8ces, a un design \u00e9l\u00e9gant.\u00a0Il conserve sa nettet\u00e9 pendant longtemps sans avoir besoin d\u2019\u00eatre aiguis\u00e9.<\/li>\n<li>Il est pr\u00e9sent\u00e9 avec un bloc \u00e0 couteaux en bois au design \u00e9l\u00e9gant qui ne prend pas de place sur votre comptoir.<\/li>\n<li>Il convient au lavage au lave-vaisselle.\u00a0S\u00e9chez imm\u00e9diatement apr\u00e8s le lavage pour une utilisation durable.<\/li>\n<\/ul>\n","protected":false},"excerpt":{"rendered":"<p>Le nouvel ensemble de couteaux Mia, compos\u00e9 de 6 pi\u00e8ces, a un design \u00e9l\u00e9gant.\u00a0Il conserve sa nettet\u00e9 pendant longtemps sans avoir besoin d\u2019\u00eatre aiguis\u00e9. Il est pr\u00e9sent\u00e9 avec un bloc \u00e0 couteaux en bois au design \u00e9l\u00e9gant qui ne prend pas de place sur votre&#8230;<\/p>\n","protected":false},"featured_media":2704,"comment_status":"open","ping_status":"closed","template":"","meta":[],"_links":{"self":[{"href":"https:\/\/rubishome.com\/index.php?rest_route=\/wp\/v2\/product\/2703"}],"collection":[{"href":"https:\/\/rubishome.com\/index.php?rest_route=\/wp\/v2\/product"}],"about":[{"href":"https:\/\/rubishome.com\/index.php?rest_route=\/wp\/v2\/types\/product"}],"replies":[{"embeddable":true,"href":"https:\/\/rubishome.com\/index.php?rest_route=%2Fwp%2Fv2%2Fcomments&post=2703"}],"wp:featuredmedia":[{"embeddable":true,"href":"https:\/\/rubishome.com\/index.php?rest_route=\/wp\/v2\/media\/2704"}],"wp:attachment":[{"href":"https:\/\/rubishome.com\/index.php?rest_route=%2Fwp%2Fv2%2Fmedia&parent=2703"}],"curies":[{"name":"wp","href":"https:\/\/api.w.org\/{rel}","templated":true}]}}