{"id":2805,"date":"2025-06-19T17:42:04","date_gmt":"2025-06-19T15:42:04","guid":{"rendered":"https:\/\/rubishome.com\/?post_type=product&#038;p=2805"},"modified":"2026-03-02T15:48:48","modified_gmt":"2026-03-02T14:48:48","slug":"service-a-eau-de-49-pieces-diamonds-gold","status":"publish","type":"product","link":"https:\/\/rubishome.com\/?product=service-a-eau-de-49-pieces-diamonds-gold","title":{"rendered":"SERVICE \u00c0 EAU DE 49 PI\u00c8CES Diamonds gold"},"content":{"rendered":"<p>12 verres \u00e0 eau<\/p>\n<p>12 verres \u00e0 pied<\/p>\n<p>12 verres \u00e0 th\u00e9<\/p>\n<p>12 sous tasses<\/p>\n<p>1 Carafe<\/p>\n","protected":false},"excerpt":{"rendered":"<p>12 verres \u00e0 eau 12 verres \u00e0 pied 12 verres \u00e0 th\u00e9 12 sous tasses 1 Carafe<\/p>\n","protected":false},"featured_media":2806,"comment_status":"open","ping_status":"closed","template":"","meta":[],"_links":{"self":[{"href":"https:\/\/rubishome.com\/index.php?rest_route=\/wp\/v2\/product\/2805"}],"collection":[{"href":"https:\/\/rubishome.com\/index.php?rest_route=\/wp\/v2\/product"}],"about":[{"href":"https:\/\/rubishome.com\/index.php?rest_route=\/wp\/v2\/types\/product"}],"replies":[{"embeddable":true,"href":"https:\/\/rubishome.com\/index.php?rest_route=%2Fwp%2Fv2%2Fcomments&post=2805"}],"wp:featuredmedia":[{"embeddable":true,"href":"https:\/\/rubishome.com\/index.php?rest_route=\/wp\/v2\/media\/2806"}],"wp:attachment":[{"href":"https:\/\/rubishome.com\/index.php?rest_route=%2Fwp%2Fv2%2Fmedia&parent=2805"}],"curies":[{"name":"wp","href":"https:\/\/api.w.org\/{rel}","templated":true}]}}