{"id":2812,"date":"2025-06-20T13:08:20","date_gmt":"2025-06-20T11:08:20","guid":{"rendered":"https:\/\/rubishome.com\/?post_type=product&#038;p=2812"},"modified":"2026-04-02T18:19:45","modified_gmt":"2026-04-02T16:19:45","slug":"service-a-the-18-pieces-argent","status":"publish","type":"product","link":"https:\/\/rubishome.com\/?product=service-a-the-18-pieces-argent","title":{"rendered":"service \u00e0 th\u00e9 18 pi\u00e8ces Argent"},"content":{"rendered":"<p>6 verres<\/p>\n<p>6 sous tasses en inox 18\/10<\/p>\n<p>6 cuill\u00e8res en inox 18\/10<\/p>\n","protected":false},"excerpt":{"rendered":"<p>6 verres 6 sous tasses en inox 18\/10 6 cuill\u00e8res en inox 18\/10<\/p>\n","protected":false},"featured_media":2813,"comment_status":"open","ping_status":"closed","template":"","meta":[],"_links":{"self":[{"href":"https:\/\/rubishome.com\/index.php?rest_route=\/wp\/v2\/product\/2812"}],"collection":[{"href":"https:\/\/rubishome.com\/index.php?rest_route=\/wp\/v2\/product"}],"about":[{"href":"https:\/\/rubishome.com\/index.php?rest_route=\/wp\/v2\/types\/product"}],"replies":[{"embeddable":true,"href":"https:\/\/rubishome.com\/index.php?rest_route=%2Fwp%2Fv2%2Fcomments&post=2812"}],"wp:featuredmedia":[{"embeddable":true,"href":"https:\/\/rubishome.com\/index.php?rest_route=\/wp\/v2\/media\/2813"}],"wp:attachment":[{"href":"https:\/\/rubishome.com\/index.php?rest_route=%2Fwp%2Fv2%2Fmedia&parent=2812"}],"curies":[{"name":"wp","href":"https:\/\/api.w.org\/{rel}","templated":true}]}}