{"id":2830,"date":"2025-07-04T19:04:03","date_gmt":"2025-07-04T17:04:03","guid":{"rendered":"https:\/\/rubishome.com\/?post_type=product&#038;p=2830"},"modified":"2026-02-16T18:08:51","modified_gmt":"2026-02-16T17:08:51","slug":"service-a-the-40-pieces-en-inox-18-10-mios","status":"publish","type":"product","link":"https:\/\/rubishome.com\/?product=service-a-the-40-pieces-en-inox-18-10-mios","title":{"rendered":"Service \u00e0 th\u00e9 40 pi\u00e8ces en inox 18\/10 mios"},"content":{"rendered":"<p>12 verres<\/p>\n<p>12 sous tasses<\/p>\n<p>12 cuill\u00e8res<\/p>\n<p>plateau<\/p>\n<p>sucri\u00e8re + couvercle<\/p>\n<p>pince \u00e0 sucre<\/p>\n","protected":false},"excerpt":{"rendered":"<p>12 verres 12 sous tasses 12 cuill\u00e8res plateau sucri\u00e8re + couvercle pince \u00e0 sucre<\/p>\n","protected":false},"featured_media":3075,"comment_status":"open","ping_status":"closed","template":"","meta":[],"_links":{"self":[{"href":"https:\/\/rubishome.com\/index.php?rest_route=\/wp\/v2\/product\/2830"}],"collection":[{"href":"https:\/\/rubishome.com\/index.php?rest_route=\/wp\/v2\/product"}],"about":[{"href":"https:\/\/rubishome.com\/index.php?rest_route=\/wp\/v2\/types\/product"}],"replies":[{"embeddable":true,"href":"https:\/\/rubishome.com\/index.php?rest_route=%2Fwp%2Fv2%2Fcomments&post=2830"}],"wp:featuredmedia":[{"embeddable":true,"href":"https:\/\/rubishome.com\/index.php?rest_route=\/wp\/v2\/media\/3075"}],"wp:attachment":[{"href":"https:\/\/rubishome.com\/index.php?rest_route=%2Fwp%2Fv2%2Fmedia&parent=2830"}],"curies":[{"name":"wp","href":"https:\/\/api.w.org\/{rel}","templated":true}]}}