{"id":2840,"date":"2025-07-12T16:44:31","date_gmt":"2025-07-12T14:44:31","guid":{"rendered":"https:\/\/rubishome.com\/?post_type=product&#038;p=2840"},"modified":"2025-07-12T16:44:32","modified_gmt":"2025-07-12T14:44:32","slug":"service-en-porcelaine-de-32-pieces-milano","status":"publish","type":"product","link":"https:\/\/rubishome.com\/?product=service-en-porcelaine-de-32-pieces-milano","title":{"rendered":"service en porcelaine de 32 pi\u00e8ces Milano"},"content":{"rendered":"<p>6 verres \u00e0 th\u00e9<\/p>\n<p>6 sous tasses<\/p>\n<p>6 cuill\u00e8res<\/p>\n<p>6 assiettes \u00e0 g\u00e2teau<\/p>\n<p>2 assiette de pr\u00e9sentation rectangulaire<\/p>\n<p>2 petite assiettes ovales<\/p>\n<p>4 mini bols<\/p>\n<p>&nbsp;<\/p>\n","protected":false},"excerpt":{"rendered":"<p>6 verres \u00e0 th\u00e9 6 sous tasses 6 cuill\u00e8res 6 assiettes \u00e0 g\u00e2teau 2 assiette de pr\u00e9sentation rectangulaire 2 petite assiettes ovales 4 mini bols &nbsp;<\/p>\n","protected":false},"featured_media":2844,"comment_status":"open","ping_status":"closed","template":"","meta":[],"_links":{"self":[{"href":"https:\/\/rubishome.com\/index.php?rest_route=\/wp\/v2\/product\/2840"}],"collection":[{"href":"https:\/\/rubishome.com\/index.php?rest_route=\/wp\/v2\/product"}],"about":[{"href":"https:\/\/rubishome.com\/index.php?rest_route=\/wp\/v2\/types\/product"}],"replies":[{"embeddable":true,"href":"https:\/\/rubishome.com\/index.php?rest_route=%2Fwp%2Fv2%2Fcomments&post=2840"}],"wp:featuredmedia":[{"embeddable":true,"href":"https:\/\/rubishome.com\/index.php?rest_route=\/wp\/v2\/media\/2844"}],"wp:attachment":[{"href":"https:\/\/rubishome.com\/index.php?rest_route=%2Fwp%2Fv2%2Fmedia&parent=2840"}],"curies":[{"name":"wp","href":"https:\/\/api.w.org\/{rel}","templated":true}]}}