{"id":2873,"date":"2025-08-30T15:28:49","date_gmt":"2025-08-30T13:28:49","guid":{"rendered":"https:\/\/rubishome.com\/?post_type=product&#038;p=2873"},"modified":"2025-08-30T15:28:50","modified_gmt":"2025-08-30T13:28:50","slug":"service-menagere-de-89-pieces-milano-argent","status":"publish","type":"product","link":"https:\/\/rubishome.com\/?product=service-menagere-de-89-pieces-milano-argent","title":{"rendered":"SERVICE M\u00c9NAG\u00c8RE DE 89 PI\u00c8CES Milano argent"},"content":{"rendered":"<p>12 Cuill\u00e8res \u00e0 soupe<\/p>\n<p>12 cuillers \u00e0 caf\u00e9<\/p>\n<p>12 cuillers \u00e0 dessert<\/p>\n<p>12 couteaux<\/p>\n<p>12 couteaux \u00e0 dessert<\/p>\n<p>12 fourchettes<\/p>\n<p>12 fourchettes \u00e0 dessert<\/p>\n<p>5 louches en inox<\/p>\n","protected":false},"excerpt":{"rendered":"<p>12 Cuill\u00e8res \u00e0 soupe 12 cuillers \u00e0 caf\u00e9 12 cuillers \u00e0 dessert 12 couteaux 12 couteaux \u00e0 dessert 12 fourchettes 12 fourchettes \u00e0 dessert 5 louches en inox<\/p>\n","protected":false},"featured_media":2875,"comment_status":"open","ping_status":"closed","template":"","meta":[],"_links":{"self":[{"href":"https:\/\/rubishome.com\/index.php?rest_route=\/wp\/v2\/product\/2873"}],"collection":[{"href":"https:\/\/rubishome.com\/index.php?rest_route=\/wp\/v2\/product"}],"about":[{"href":"https:\/\/rubishome.com\/index.php?rest_route=\/wp\/v2\/types\/product"}],"replies":[{"embeddable":true,"href":"https:\/\/rubishome.com\/index.php?rest_route=%2Fwp%2Fv2%2Fcomments&post=2873"}],"wp:featuredmedia":[{"embeddable":true,"href":"https:\/\/rubishome.com\/index.php?rest_route=\/wp\/v2\/media\/2875"}],"wp:attachment":[{"href":"https:\/\/rubishome.com\/index.php?rest_route=%2Fwp%2Fv2%2Fmedia&parent=2873"}],"curies":[{"name":"wp","href":"https:\/\/api.w.org\/{rel}","templated":true}]}}