{"id":2907,"date":"2025-09-20T16:10:17","date_gmt":"2025-09-20T14:10:17","guid":{"rendered":"https:\/\/rubishome.com\/?post_type=product&#038;p=2907"},"modified":"2025-09-20T16:10:18","modified_gmt":"2025-09-20T14:10:18","slug":"service-en-porcelaine-de-32-pieces-virona","status":"publish","type":"product","link":"https:\/\/rubishome.com\/?product=service-en-porcelaine-de-32-pieces-virona","title":{"rendered":"service en porcelaine de 32 pi\u00e8ces virona"},"content":{"rendered":"<p>6 verres \u00e0 th\u00e9<\/p>\n<p>6 sous tasses<\/p>\n<p>6 cuill\u00e8res<\/p>\n<p>6 assiettes \u00e0 g\u00e2teau<\/p>\n<p>2 assiette de pr\u00e9sentation rectangulaire<\/p>\n<p>2 petite assiettes ovales<\/p>\n<p>4 mini bols<\/p>\n","protected":false},"excerpt":{"rendered":"<p>6 verres \u00e0 th\u00e9 6 sous tasses 6 cuill\u00e8res 6 assiettes \u00e0 g\u00e2teau 2 assiette de pr\u00e9sentation rectangulaire 2 petite assiettes ovales 4 mini bols<\/p>\n","protected":false},"featured_media":2908,"comment_status":"open","ping_status":"closed","template":"","meta":[],"_links":{"self":[{"href":"https:\/\/rubishome.com\/index.php?rest_route=\/wp\/v2\/product\/2907"}],"collection":[{"href":"https:\/\/rubishome.com\/index.php?rest_route=\/wp\/v2\/product"}],"about":[{"href":"https:\/\/rubishome.com\/index.php?rest_route=\/wp\/v2\/types\/product"}],"replies":[{"embeddable":true,"href":"https:\/\/rubishome.com\/index.php?rest_route=%2Fwp%2Fv2%2Fcomments&post=2907"}],"wp:featuredmedia":[{"embeddable":true,"href":"https:\/\/rubishome.com\/index.php?rest_route=\/wp\/v2\/media\/2908"}],"wp:attachment":[{"href":"https:\/\/rubishome.com\/index.php?rest_route=%2Fwp%2Fv2%2Fmedia&parent=2907"}],"curies":[{"name":"wp","href":"https:\/\/api.w.org\/{rel}","templated":true}]}}