{"id":2943,"date":"2025-10-11T17:22:25","date_gmt":"2025-10-11T15:22:25","guid":{"rendered":"https:\/\/rubishome.com\/?post_type=product&#038;p=2943"},"modified":"2025-10-11T17:22:25","modified_gmt":"2025-10-11T15:22:25","slug":"service-lile-vert-dore-en-porcelaine-de-55-pieces","status":"publish","type":"product","link":"https:\/\/rubishome.com\/?product=service-lile-vert-dore-en-porcelaine-de-55-pieces","title":{"rendered":"SERVICE lile vert\/ dor\u00e9 EN PORCELAINE DE 55 PI\u00c8CES"},"content":{"rendered":"<p>12 Assiettes Plates<\/p>\n<p>12 Assiettes Creuses<\/p>\n<p>12 Assiettes \u00e0 dessert<\/p>\n<p>12 Bols de soupe<\/p>\n<p>2 Petites assiettes de pr\u00e9sentations<\/p>\n<p>1 Grande Assiette de pr\u00e9sentation<\/p>\n<p>2 selliers<\/p>\n<p>2 poivriers<\/p>\n<p>&nbsp;<\/p>\n","protected":false},"excerpt":{"rendered":"<p>12 Assiettes Plates 12 Assiettes Creuses 12 Assiettes \u00e0 dessert 12 Bols de soupe 2 Petites assiettes de pr\u00e9sentations 1 Grande Assiette de pr\u00e9sentation 2 selliers 2 poivriers &nbsp;<\/p>\n","protected":false},"featured_media":2946,"comment_status":"open","ping_status":"closed","template":"","meta":[],"_links":{"self":[{"href":"https:\/\/rubishome.com\/index.php?rest_route=\/wp\/v2\/product\/2943"}],"collection":[{"href":"https:\/\/rubishome.com\/index.php?rest_route=\/wp\/v2\/product"}],"about":[{"href":"https:\/\/rubishome.com\/index.php?rest_route=\/wp\/v2\/types\/product"}],"replies":[{"embeddable":true,"href":"https:\/\/rubishome.com\/index.php?rest_route=%2Fwp%2Fv2%2Fcomments&post=2943"}],"wp:featuredmedia":[{"embeddable":true,"href":"https:\/\/rubishome.com\/index.php?rest_route=\/wp\/v2\/media\/2946"}],"wp:attachment":[{"href":"https:\/\/rubishome.com\/index.php?rest_route=%2Fwp%2Fv2%2Fmedia&parent=2943"}],"curies":[{"name":"wp","href":"https:\/\/api.w.org\/{rel}","templated":true}]}}