{"id":2995,"date":"2025-11-17T18:23:58","date_gmt":"2025-11-17T17:23:58","guid":{"rendered":"https:\/\/rubishome.com\/?post_type=product&#038;p=2995"},"modified":"2025-11-17T18:23:58","modified_gmt":"2025-11-17T17:23:58","slug":"service-a-cafe-tete-a-tete-ruby-dore","status":"publish","type":"product","link":"https:\/\/rubishome.com\/?product=service-a-cafe-tete-a-tete-ruby-dore","title":{"rendered":"Service \u00e0 caf\u00e9 t\u00eate \u00e0 t\u00eate Ruby dor\u00e9"},"content":{"rendered":"<p>2 tasses<\/p>\n<p>2 sous\u00a0 tasses<\/p>\n","protected":false},"excerpt":{"rendered":"<p>2 tasses 2 sous\u00a0 tasses<\/p>\n","protected":false},"featured_media":2991,"comment_status":"open","ping_status":"closed","template":"","meta":[],"_links":{"self":[{"href":"https:\/\/rubishome.com\/index.php?rest_route=\/wp\/v2\/product\/2995"}],"collection":[{"href":"https:\/\/rubishome.com\/index.php?rest_route=\/wp\/v2\/product"}],"about":[{"href":"https:\/\/rubishome.com\/index.php?rest_route=\/wp\/v2\/types\/product"}],"replies":[{"embeddable":true,"href":"https:\/\/rubishome.com\/index.php?rest_route=%2Fwp%2Fv2%2Fcomments&post=2995"}],"wp:featuredmedia":[{"embeddable":true,"href":"https:\/\/rubishome.com\/index.php?rest_route=\/wp\/v2\/media\/2991"}],"wp:attachment":[{"href":"https:\/\/rubishome.com\/index.php?rest_route=%2Fwp%2Fv2%2Fmedia&parent=2995"}],"curies":[{"name":"wp","href":"https:\/\/api.w.org\/{rel}","templated":true}]}}