{"id":2998,"date":"2025-11-18T17:27:27","date_gmt":"2025-11-18T16:27:27","guid":{"rendered":"https:\/\/rubishome.com\/?post_type=product&#038;p=2998"},"modified":"2025-11-18T17:27:27","modified_gmt":"2025-11-18T16:27:27","slug":"service-a-cafe-tete-a-tete-aura-argent","status":"publish","type":"product","link":"https:\/\/rubishome.com\/?product=service-a-cafe-tete-a-tete-aura-argent","title":{"rendered":"Service \u00e0 caf\u00e9 t\u00eate \u00e0 t\u00eate Aura argent"},"content":{"rendered":"<p>2 tasses<\/p>\n<p>2 sous\u00a0 tasses<\/p>\n","protected":false},"excerpt":{"rendered":"<p>2 tasses 2 sous\u00a0 tasses<\/p>\n","protected":false},"featured_media":2999,"comment_status":"open","ping_status":"closed","template":"","meta":[],"_links":{"self":[{"href":"https:\/\/rubishome.com\/index.php?rest_route=\/wp\/v2\/product\/2998"}],"collection":[{"href":"https:\/\/rubishome.com\/index.php?rest_route=\/wp\/v2\/product"}],"about":[{"href":"https:\/\/rubishome.com\/index.php?rest_route=\/wp\/v2\/types\/product"}],"replies":[{"embeddable":true,"href":"https:\/\/rubishome.com\/index.php?rest_route=%2Fwp%2Fv2%2Fcomments&post=2998"}],"wp:featuredmedia":[{"embeddable":true,"href":"https:\/\/rubishome.com\/index.php?rest_route=\/wp\/v2\/media\/2999"}],"wp:attachment":[{"href":"https:\/\/rubishome.com\/index.php?rest_route=%2Fwp%2Fv2%2Fmedia&parent=2998"}],"curies":[{"name":"wp","href":"https:\/\/api.w.org\/{rel}","templated":true}]}}