{"id":3018,"date":"2025-11-20T14:42:06","date_gmt":"2025-11-20T13:42:06","guid":{"rendered":"https:\/\/rubishome.com\/?post_type=product&#038;p=3018"},"modified":"2026-04-09T20:04:14","modified_gmt":"2026-04-09T18:04:14","slug":"parure-de-lit-avec-billet-vert-6-pieces-en-coton","status":"publish","type":"product","link":"https:\/\/rubishome.com\/?product=parure-de-lit-avec-billet-vert-6-pieces-en-coton","title":{"rendered":"parure de lit avec billet vert  6 pi\u00e8ces en coton"},"content":{"rendered":"<p>Housse de couette\u00a0 en\u00a0 coton double face\u00a0 : 240\u00d7260<\/p>\n<p>Taie d\u2019oreiller\u00a0 : 50\u00d770 (4 pi\u00e8ces)<\/p>\n<p>housse de matais : 180\u00d7200+30cm<\/p>\n","protected":false},"excerpt":{"rendered":"<p>Housse de couette\u00a0 en\u00a0 coton double face\u00a0 : 240\u00d7260 Taie d\u2019oreiller\u00a0 : 50\u00d770 (4 pi\u00e8ces) housse de matais : 180\u00d7200+30cm<\/p>\n","protected":false},"featured_media":3189,"comment_status":"open","ping_status":"closed","template":"","meta":[],"_links":{"self":[{"href":"https:\/\/rubishome.com\/index.php?rest_route=\/wp\/v2\/product\/3018"}],"collection":[{"href":"https:\/\/rubishome.com\/index.php?rest_route=\/wp\/v2\/product"}],"about":[{"href":"https:\/\/rubishome.com\/index.php?rest_route=\/wp\/v2\/types\/product"}],"replies":[{"embeddable":true,"href":"https:\/\/rubishome.com\/index.php?rest_route=%2Fwp%2Fv2%2Fcomments&post=3018"}],"wp:featuredmedia":[{"embeddable":true,"href":"https:\/\/rubishome.com\/index.php?rest_route=\/wp\/v2\/media\/3189"}],"wp:attachment":[{"href":"https:\/\/rubishome.com\/index.php?rest_route=%2Fwp%2Fv2%2Fmedia&parent=3018"}],"curies":[{"name":"wp","href":"https:\/\/api.w.org\/{rel}","templated":true}]}}