{"id":3128,"date":"2026-04-02T17:40:23","date_gmt":"2026-04-02T15:40:23","guid":{"rendered":"https:\/\/rubishome.com\/?post_type=product&#038;p=3128"},"modified":"2026-04-02T17:40:23","modified_gmt":"2026-04-02T15:40:23","slug":"couvre-lit-de-5-pieces-en-velours-cotele","status":"publish","type":"product","link":"https:\/\/rubishome.com\/?product=couvre-lit-de-5-pieces-en-velours-cotele","title":{"rendered":"couvre lit de 5 pi\u00e8ces en velours c\u00f4tel\u00e9"},"content":{"rendered":"<p>couvre lit en velours c\u00f4tel\u00e9 \u00a0:\u00a0 240*260<\/p>\n<p>Taie d\u2019oreiller velours c\u00f4tel\u00e9: 50\u00d770 (2 pi\u00e8ces)<\/p>\n<p>Taie d\u2019oreiller velours c\u00f4tel\u00e9 : 45*60\u00a0 (2 pi\u00e8ces)<\/p>\n","protected":false},"excerpt":{"rendered":"<p>couvre lit en velours c\u00f4tel\u00e9 \u00a0:\u00a0 240*260 Taie d\u2019oreiller velours c\u00f4tel\u00e9: 50\u00d770 (2 pi\u00e8ces) Taie d\u2019oreiller velours c\u00f4tel\u00e9 : 45*60\u00a0 (2 pi\u00e8ces)<\/p>\n","protected":false},"featured_media":3129,"comment_status":"open","ping_status":"closed","template":"","meta":[],"_links":{"self":[{"href":"https:\/\/rubishome.com\/index.php?rest_route=\/wp\/v2\/product\/3128"}],"collection":[{"href":"https:\/\/rubishome.com\/index.php?rest_route=\/wp\/v2\/product"}],"about":[{"href":"https:\/\/rubishome.com\/index.php?rest_route=\/wp\/v2\/types\/product"}],"replies":[{"embeddable":true,"href":"https:\/\/rubishome.com\/index.php?rest_route=%2Fwp%2Fv2%2Fcomments&post=3128"}],"wp:featuredmedia":[{"embeddable":true,"href":"https:\/\/rubishome.com\/index.php?rest_route=\/wp\/v2\/media\/3129"}],"wp:attachment":[{"href":"https:\/\/rubishome.com\/index.php?rest_route=%2Fwp%2Fv2%2Fmedia&parent=3128"}],"curies":[{"name":"wp","href":"https:\/\/api.w.org\/{rel}","templated":true}]}}