{"id":3141,"date":"2026-04-02T17:55:00","date_gmt":"2026-04-02T15:55:00","guid":{"rendered":"https:\/\/rubishome.com\/?post_type=product&#038;p=3141"},"modified":"2026-04-06T18:05:58","modified_gmt":"2026-04-06T16:05:58","slug":"service-menagere-89-pieces-marbella-en-argent","status":"publish","type":"product","link":"https:\/\/rubishome.com\/?product=service-menagere-89-pieces-marbella-en-argent","title":{"rendered":"Service m\u00e9nag\u00e8re 89 pi\u00e8ces Marbella en argent"},"content":{"rendered":"<p>12 Cuillers<\/p>\n<p>12 cuillers \u00e0 dessert<\/p>\n<p>12 cuillers \u00e0 caf\u00e9<\/p>\n<p>12 couteaux<\/p>\n<p>12 couteaux \u00e0 dessert<\/p>\n<p>12 fourchettes<\/p>\n<p>12 fourchettes \u00e0 dessert<\/p>\n<p>5 Louches<\/p>\n","protected":false},"excerpt":{"rendered":"<p>12 Cuillers 12 cuillers \u00e0 dessert 12 cuillers \u00e0 caf\u00e9 12 couteaux 12 couteaux \u00e0 dessert 12 fourchettes 12 fourchettes \u00e0 dessert 5 Louches<\/p>\n","protected":false},"featured_media":3142,"comment_status":"open","ping_status":"closed","template":"","meta":[],"_links":{"self":[{"href":"https:\/\/rubishome.com\/index.php?rest_route=\/wp\/v2\/product\/3141"}],"collection":[{"href":"https:\/\/rubishome.com\/index.php?rest_route=\/wp\/v2\/product"}],"about":[{"href":"https:\/\/rubishome.com\/index.php?rest_route=\/wp\/v2\/types\/product"}],"replies":[{"embeddable":true,"href":"https:\/\/rubishome.com\/index.php?rest_route=%2Fwp%2Fv2%2Fcomments&post=3141"}],"wp:featuredmedia":[{"embeddable":true,"href":"https:\/\/rubishome.com\/index.php?rest_route=\/wp\/v2\/media\/3142"}],"wp:attachment":[{"href":"https:\/\/rubishome.com\/index.php?rest_route=%2Fwp%2Fv2%2Fmedia&parent=3141"}],"curies":[{"name":"wp","href":"https:\/\/api.w.org\/{rel}","templated":true}]}}