{"id":3185,"date":"2026-04-09T20:01:49","date_gmt":"2026-04-09T18:01:49","guid":{"rendered":"https:\/\/rubishome.com\/?post_type=product&#038;p=3185"},"modified":"2026-04-09T20:01:49","modified_gmt":"2026-04-09T18:01:49","slug":"couvre-lit-de-5-pieces-en-lin-brodee-en-beige","status":"publish","type":"product","link":"https:\/\/rubishome.com\/?product=couvre-lit-de-5-pieces-en-lin-brodee-en-beige","title":{"rendered":"couvre lit de 5 pi\u00e8ces en lin brod\u00e9e en beige"},"content":{"rendered":"<p>couvre lit en lin brod\u00e9e :\u00a0 240*260<\/p>\n<p>Taie d\u2019oreiller lin brod\u00e9e\u00a0 : 50\u00d770 (2 pi\u00e8ces)<\/p>\n<p>Taie d\u2019oreiller : 50*70\u00a0 (2 pi\u00e8ces)<\/p>\n","protected":false},"excerpt":{"rendered":"<p>couvre lit en lin brod\u00e9e :\u00a0 240*260 Taie d\u2019oreiller lin brod\u00e9e\u00a0 : 50\u00d770 (2 pi\u00e8ces) Taie d\u2019oreiller : 50*70\u00a0 (2 pi\u00e8ces)<\/p>\n","protected":false},"featured_media":3186,"comment_status":"open","ping_status":"closed","template":"","meta":[],"_links":{"self":[{"href":"https:\/\/rubishome.com\/index.php?rest_route=\/wp\/v2\/product\/3185"}],"collection":[{"href":"https:\/\/rubishome.com\/index.php?rest_route=\/wp\/v2\/product"}],"about":[{"href":"https:\/\/rubishome.com\/index.php?rest_route=\/wp\/v2\/types\/product"}],"replies":[{"embeddable":true,"href":"https:\/\/rubishome.com\/index.php?rest_route=%2Fwp%2Fv2%2Fcomments&post=3185"}],"wp:featuredmedia":[{"embeddable":true,"href":"https:\/\/rubishome.com\/index.php?rest_route=\/wp\/v2\/media\/3186"}],"wp:attachment":[{"href":"https:\/\/rubishome.com\/index.php?rest_route=%2Fwp%2Fv2%2Fmedia&parent=3185"}],"curies":[{"name":"wp","href":"https:\/\/api.w.org\/{rel}","templated":true}]}}