{"id":473,"date":"2021-02-10T15:33:51","date_gmt":"2021-02-10T14:33:51","guid":{"rendered":"https:\/\/rubishome.com\/?post_type=product&#038;p=473"},"modified":"2023-04-18T15:11:10","modified_gmt":"2023-04-18T13:11:10","slug":"ensemble-housse-couette-checker-mercan-pour-une-personnes","status":"publish","type":"product","link":"https:\/\/rubishome.com\/?product=ensemble-housse-couette-checker-mercan-pour-une-personnes","title":{"rendered":"Ensemble Housse Couette Checker Mercan Pour une Personnes"},"content":{"rendered":"<p>* Max. Laver d\u00e9licatement \u00e0 30 degr\u00e9s<\/p>\n<p>* Ne peut pas \u00eatre blanchi<\/p>\n<p>* Peut \u00eatre repass\u00e9 \u00e0 temp\u00e9rature moyenne<\/p>\n<p>* S\u00e9cher \u00e0 basse temp\u00e9rature<\/p>\n<p>* Pas de nettoyage \u00e0 sec<\/p>\n","protected":false},"excerpt":{"rendered":"<p>100% Coton<\/p>\n<p>Housse de couette: 180&#215;230 cm<\/p>\n<p>Taie d&#8217;oreiller : 50&#215;70 (1)<\/p>\n<p>Drap Plat: 160&#215;240 cm<\/p>\n","protected":false},"featured_media":462,"comment_status":"open","ping_status":"closed","template":"","meta":[],"_links":{"self":[{"href":"https:\/\/rubishome.com\/index.php?rest_route=\/wp\/v2\/product\/473"}],"collection":[{"href":"https:\/\/rubishome.com\/index.php?rest_route=\/wp\/v2\/product"}],"about":[{"href":"https:\/\/rubishome.com\/index.php?rest_route=\/wp\/v2\/types\/product"}],"replies":[{"embeddable":true,"href":"https:\/\/rubishome.com\/index.php?rest_route=%2Fwp%2Fv2%2Fcomments&post=473"}],"wp:featuredmedia":[{"embeddable":true,"href":"https:\/\/rubishome.com\/index.php?rest_route=\/wp\/v2\/media\/462"}],"wp:attachment":[{"href":"https:\/\/rubishome.com\/index.php?rest_route=%2Fwp%2Fv2%2Fmedia&parent=473"}],"curies":[{"name":"wp","href":"https:\/\/api.w.org\/{rel}","templated":true}]}}