{"id":495,"date":"2021-02-11T14:49:19","date_gmt":"2021-02-11T13:49:19","guid":{"rendered":"https:\/\/rubishome.com\/?post_type=product&#038;p=495"},"modified":"2026-03-18T12:10:26","modified_gmt":"2026-03-18T11:10:26","slug":"ensemble-de-housse-de-couette-double-en-satin-sahara","status":"publish","type":"product","link":"https:\/\/rubishome.com\/?product=ensemble-de-housse-de-couette-double-en-satin-sahara","title":{"rendered":"Ensemble de housse de couette double en satin  SAHARA"},"content":{"rendered":"<p>Instructions de lavage<\/p>\n<p>* Lavable \u00e0 30 degr\u00e9s<\/p>\n<p>* Ne peut pas \u00eatre blanchi<\/p>\n<p>* S\u00e9cher \u00e0 temp\u00e9rature normale<\/p>\n<p>* Peut \u00eatre repass\u00e9 \u00e0 une chaleur douce<\/p>\n<p>* Le nettoyage \u00e0 sec n&#8217;est pas possible<\/p>\n","protected":false},"excerpt":{"rendered":"<p>Housse de couette : 200&#215;220<\/p>\n<p>Taie d&#8217;oreiller Volant : 50&#215;70 (2 pi\u00e8ces)<\/p>\n<p>Drap de lit: 240&#215;260<\/p>\n","protected":false},"featured_media":496,"comment_status":"open","ping_status":"closed","template":"","meta":[],"_links":{"self":[{"href":"https:\/\/rubishome.com\/index.php?rest_route=\/wp\/v2\/product\/495"}],"collection":[{"href":"https:\/\/rubishome.com\/index.php?rest_route=\/wp\/v2\/product"}],"about":[{"href":"https:\/\/rubishome.com\/index.php?rest_route=\/wp\/v2\/types\/product"}],"replies":[{"embeddable":true,"href":"https:\/\/rubishome.com\/index.php?rest_route=%2Fwp%2Fv2%2Fcomments&post=495"}],"wp:featuredmedia":[{"embeddable":true,"href":"https:\/\/rubishome.com\/index.php?rest_route=\/wp\/v2\/media\/496"}],"wp:attachment":[{"href":"https:\/\/rubishome.com\/index.php?rest_route=%2Fwp%2Fv2%2Fmedia&parent=495"}],"curies":[{"name":"wp","href":"https:\/\/api.w.org\/{rel}","templated":true}]}}