{"id":537,"date":"2021-02-12T16:46:27","date_gmt":"2021-02-12T15:46:27","guid":{"rendered":"https:\/\/rubishome.com\/?post_type=product&#038;p=537"},"modified":"2024-03-24T10:25:55","modified_gmt":"2024-03-24T09:25:55","slug":"mini-set-firuze-6-pcs","status":"publish","type":"product","link":"https:\/\/rubishome.com\/?product=mini-set-firuze-6-pcs","title":{"rendered":"MINI SET FIRUZE (6 PCS)"},"content":{"rendered":"<p>CARACT\u00c9RISTIQUES DU PRODUIT<br \/>\nAcier inoxydable 18\/10 Cr-Ni<br \/>\nForme de corps sp\u00e9ciale<br \/>\nBase de capsule super assurant une conduction thermique homog\u00e8ne<br \/>\nDes surfaces ext\u00e9rieures qui conservent toujours leur \u00e9clat<br \/>\nPoign\u00e9es en bak\u00e9lite ergonomiques et non br\u00fblantes<br \/>\nFaitout de 14 cm de profondeur<br \/>\nFaitout de 16 cm de profondeur<br \/>\nFaitout de 18 cm de profondeur<\/p>\n","protected":false},"excerpt":{"rendered":"<p>CODE PRODUIT:: S-1179<br \/>\nMARQUE: EV\u0130MSARAY<br \/>\nP\u00c9RIODE DE GARANTIE: 2 ANN\u00c9ES<br \/>\nPI\u00c8CE EN BO\u00ceTE: 4 PI\u00c8CES<\/p>\n","protected":false},"featured_media":617,"comment_status":"open","ping_status":"closed","template":"","meta":[],"_links":{"self":[{"href":"https:\/\/rubishome.com\/index.php?rest_route=\/wp\/v2\/product\/537"}],"collection":[{"href":"https:\/\/rubishome.com\/index.php?rest_route=\/wp\/v2\/product"}],"about":[{"href":"https:\/\/rubishome.com\/index.php?rest_route=\/wp\/v2\/types\/product"}],"replies":[{"embeddable":true,"href":"https:\/\/rubishome.com\/index.php?rest_route=%2Fwp%2Fv2%2Fcomments&post=537"}],"wp:featuredmedia":[{"embeddable":true,"href":"https:\/\/rubishome.com\/index.php?rest_route=\/wp\/v2\/media\/617"}],"wp:attachment":[{"href":"https:\/\/rubishome.com\/index.php?rest_route=%2Fwp%2Fv2%2Fmedia&parent=537"}],"curies":[{"name":"wp","href":"https:\/\/api.w.org\/{rel}","templated":true}]}}