{"id":541,"date":"2021-02-12T16:49:58","date_gmt":"2021-02-12T15:49:58","guid":{"rendered":"https:\/\/rubishome.com\/?post_type=product&#038;p=541"},"modified":"2025-04-08T21:17:35","modified_gmt":"2025-04-08T19:17:35","slug":"ensemble-mini-granit-zest-gusto-6-pieces","status":"publish","type":"product","link":"https:\/\/rubishome.com\/?product=ensemble-mini-granit-zest-gusto-6-pieces","title":{"rendered":"Service inox 8 pi\u00e8ces"},"content":{"rendered":"<ul>\n<li>Acier inoxydable 18\/10 Cr-Ni<\/li>\n<li>Forme de corps sp\u00e9ciale<\/li>\n<li>Base de super capsule assurant une conduction thermique homog\u00e8ne<\/li>\n<li>Des surfaces ext\u00e9rieures qui conservent toujours leur \u00e9clat<\/li>\n<li>Poign\u00e9e et boutons en acier inoxydable r\u00e9sistant \u00e0 la chaleur<\/li>\n<li>Portes en verre transparent r\u00e9sistant \u00e0 la chaleur<\/li>\n<li>Faitout de 20 cm de profondeur<\/li>\n<li>Faitout de 22 cm de profondeur<\/li>\n<li>Faitout de 24 cm de profondeur<\/li>\n<li>Faitout plat de 24 cm<\/li>\n<\/ul>\n","protected":false},"excerpt":{"rendered":"<p>Acier inoxydable 18\/10 Cr-Ni Forme de corps sp\u00e9ciale Base de super capsule assurant une conduction thermique homog\u00e8ne Des surfaces ext\u00e9rieures qui conservent toujours leur \u00e9clat Poign\u00e9e et boutons en acier inoxydable r\u00e9sistant \u00e0 la chaleur Portes en verre transparent r\u00e9sistant \u00e0 la chaleur Faitout de&#8230;<\/p>\n","protected":false},"featured_media":2164,"comment_status":"open","ping_status":"closed","template":"","meta":[],"_links":{"self":[{"href":"https:\/\/rubishome.com\/index.php?rest_route=\/wp\/v2\/product\/541"}],"collection":[{"href":"https:\/\/rubishome.com\/index.php?rest_route=\/wp\/v2\/product"}],"about":[{"href":"https:\/\/rubishome.com\/index.php?rest_route=\/wp\/v2\/types\/product"}],"replies":[{"embeddable":true,"href":"https:\/\/rubishome.com\/index.php?rest_route=%2Fwp%2Fv2%2Fcomments&post=541"}],"wp:featuredmedia":[{"embeddable":true,"href":"https:\/\/rubishome.com\/index.php?rest_route=\/wp\/v2\/media\/2164"}],"wp:attachment":[{"href":"https:\/\/rubishome.com\/index.php?rest_route=%2Fwp%2Fv2%2Fmedia&parent=541"}],"curies":[{"name":"wp","href":"https:\/\/api.w.org\/{rel}","templated":true}]}}