{"id":571,"date":"2021-02-13T15:52:40","date_gmt":"2021-02-13T14:52:40","guid":{"rendered":"https:\/\/rubishome.com\/?post_type=product&#038;p=571"},"modified":"2026-04-06T18:09:18","modified_gmt":"2026-04-06T16:09:18","slug":"poele-granite-24-cm","status":"publish","type":"product","link":"https:\/\/rubishome.com\/?product=poele-granite-24-cm","title":{"rendered":"Po\u00eale Granite 24 cm"},"content":{"rendered":"","protected":false},"excerpt":{"rendered":"<p>CODE PRODUIT: S-8224<br \/>\nS-8224 Po\u00eale 24 cm<br \/>\nMARQUE: EV\u0130MSARAY<br \/>\n<strong>P\u00c9RIODE DE GARANTIE: 2 ANN\u00c9ES<\/strong><br \/>\nPI\u00c8CE EN BO\u00ceTE: 1 pi\u00e8ces<\/p>\n","protected":false},"featured_media":1408,"comment_status":"open","ping_status":"closed","template":"","meta":[],"_links":{"self":[{"href":"https:\/\/rubishome.com\/index.php?rest_route=\/wp\/v2\/product\/571"}],"collection":[{"href":"https:\/\/rubishome.com\/index.php?rest_route=\/wp\/v2\/product"}],"about":[{"href":"https:\/\/rubishome.com\/index.php?rest_route=\/wp\/v2\/types\/product"}],"replies":[{"embeddable":true,"href":"https:\/\/rubishome.com\/index.php?rest_route=%2Fwp%2Fv2%2Fcomments&post=571"}],"wp:featuredmedia":[{"embeddable":true,"href":"https:\/\/rubishome.com\/index.php?rest_route=\/wp\/v2\/media\/1408"}],"wp:attachment":[{"href":"https:\/\/rubishome.com\/index.php?rest_route=%2Fwp%2Fv2%2Fmedia&parent=571"}],"curies":[{"name":"wp","href":"https:\/\/api.w.org\/{rel}","templated":true}]}}